{"id":1826,"date":"2020-05-07T07:10:07","date_gmt":"2020-05-07T04:10:07","guid":{"rendered":"https:\/\/lokaalkassa.ee\/sakumlapa\/"},"modified":"2025-04-14T14:59:18","modified_gmt":"2025-04-14T11:59:18","slug":"sakumlapa","status":"publish","type":"page","link":"https:\/\/lokaalkassa.ee\/lv\/","title":{"rendered":"S\u0101kumlapa"},"content":{"rendered":"\t\t<div data-elementor-type=\"wp-page\" data-elementor-id=\"1826\" class=\"elementor elementor-1826 elementor-14\">\n\t\t\t\t<div class=\"elementor-element elementor-element-9fb23d1 e-flex e-con-boxed e-con e-parent\" data-id=\"9fb23d1\" data-element_type=\"container\" data-e-type=\"container\" data-settings=\"{&quot;background_background&quot;:&quot;video&quot;,&quot;shape_divider_top&quot;:&quot;book&quot;,&quot;background_video_link&quot;:&quot;https:\\\/\\\/youtu.be\\\/W3z1susPJss?si=skN3tptX440NoRdH&quot;,&quot;background_play_on_mobile&quot;:&quot;yes&quot;}\">\n\t\t\t\t\t<div class=\"e-con-inner\">\n\t\t<div class=\"elementor-background-video-container\">\n\t\t\t\t\t\t\t<div class=\"elementor-background-video-embed\" role=\"presentation\"><\/div>\n\t\t\t\t\t\t<\/div>\t\t<div class=\"elementor-shape elementor-shape-top\" aria-hidden=\"true\" data-negative=\"false\">\n\t\t\t<svg xmlns=\"http:\/\/www.w3.org\/2000\/svg\" viewBox=\"0 0 1000 100\" preserveAspectRatio=\"none\">\n\t<path class=\"elementor-shape-fill\" d=\"M194,99c186.7,0.7,305-78.3,306-97.2c1,18.9,119.3,97.9,306,97.2c114.3-0.3,194,0.3,194,0.3s0-91.7,0-100c0,0,0,0,0-0 L0,0v99.3C0,99.3,79.7,98.7,194,99z\"\/>\n<\/svg>\t\t<\/div>\n\t\t\t\t<div class=\"elementor-element elementor-element-74c62ba elementor-widget elementor-widget-heading\" data-id=\"74c62ba\" data-element_type=\"widget\" data-e-type=\"widget\" data-widget_type=\"heading.default\">\n\t\t\t\t<div class=\"elementor-widget-container\">\n\t\t\t\t\t<h2 class=\"elementor-heading-title elementor-size-default\">Tiekamies deju laukum\u0101! <\/h2>\t\t\t\t<\/div>\n\t\t\t\t<\/div>\n\t\t\t\t<div class=\"elementor-element elementor-element-cc59f58 elementor-widget elementor-widget-text-editor\" data-id=\"cc59f58\" data-element_type=\"widget\" data-e-type=\"widget\" data-widget_type=\"text-editor.default\">\n\t\t\t\t<div class=\"elementor-widget-container\">\n\t\t\t\t\t\t\t\t\t<p>Loka\u0101ls Kassa tevi gaida pa\u0161\u0101 P\u0113rnavas sird\u012b ar izklaidi, neaizmirstam\u0101m ball\u012bt\u0113m un pat\u012bkamu atmosf\u0113ru. N\u0101c un izbaudi retro m\u016bziku, gardus koktei\u013cus un lielisku apkalpo\u0161anu! <\/p>\t\t\t\t\t\t\t\t<\/div>\n\t\t\t\t<\/div>\n\t\t\t\t<div class=\"elementor-element elementor-element-abf80c4 elementor-tablet-align-center elementor-align-justify elementor-widget elementor-widget-button\" data-id=\"abf80c4\" data-element_type=\"widget\" data-e-type=\"widget\" data-widget_type=\"button.default\">\n\t\t\t\t<div class=\"elementor-widget-container\">\n\t\t\t\t\t\t\t\t\t<div class=\"elementor-button-wrapper\">\n\t\t\t\t\t<a class=\"elementor-button elementor-button-link elementor-size-sm\" href=\"https:\/\/lokaalkassa.ee\/lv\/shema\/\">\n\t\t\t\t\t\t<span class=\"elementor-button-content-wrapper\">\n\t\t\t\t\t\t\t\t\t<span class=\"elementor-button-text\">skaties programmu<\/span>\n\t\t\t\t\t<\/span>\n\t\t\t\t\t<\/a>\n\t\t\t\t<\/div>\n\t\t\t\t\t\t\t\t<\/div>\n\t\t\t\t<\/div>\n\t\t\t\t\t<\/div>\n\t\t\t\t<\/div>\n\t\t<div class=\"elementor-element elementor-element-7797ae0 e-flex e-con-boxed e-con e-parent\" data-id=\"7797ae0\" data-element_type=\"container\" data-e-type=\"container\" data-settings=\"{&quot;background_background&quot;:&quot;classic&quot;}\">\n\t\t\t\t\t<div class=\"e-con-inner\">\n\t\t\t\t<div class=\"elementor-element elementor-element-43a797d elementor-widget elementor-widget-image\" data-id=\"43a797d\" data-element_type=\"widget\" data-e-type=\"widget\" data-widget_type=\"image.default\">\n\t\t\t\t<div class=\"elementor-widget-container\">\n\t\t\t\t\t\t\t\t\t\t\t\t\t\t\t<img fetchpriority=\"high\" decoding=\"async\" width=\"700\" height=\"400\" src=\"https:\/\/lokaalkassa.ee\/wp-content\/uploads\/2024\/05\/Nimetu-kujundus-41.png\" class=\"attachment-large size-large wp-image-1540\" alt=\"\" srcset=\"https:\/\/lokaalkassa.ee\/wp-content\/uploads\/2024\/05\/Nimetu-kujundus-41.png 700w, https:\/\/lokaalkassa.ee\/wp-content\/uploads\/2024\/05\/Nimetu-kujundus-41-300x171.png 300w\" sizes=\"(max-width: 700px) 100vw, 700px\" \/>\t\t\t\t\t\t\t\t\t\t\t\t\t\t\t<\/div>\n\t\t\t\t<\/div>\n\t\t\t\t<div class=\"elementor-element elementor-element-908aa6f elementor-widget elementor-widget-heading\" data-id=\"908aa6f\" data-element_type=\"widget\" data-e-type=\"widget\" data-widget_type=\"heading.default\">\n\t\t\t\t<div class=\"elementor-widget-container\">\n\t\t\t\t\t<h1 class=\"elementor-heading-title elementor-size-default\">retro pieredze!<\/h1>\t\t\t\t<\/div>\n\t\t\t\t<\/div>\n\t\t\t\t<div class=\"elementor-element elementor-element-82189cf elementor-widget elementor-widget-text-editor\" data-id=\"82189cf\" data-element_type=\"widget\" data-e-type=\"widget\" data-widget_type=\"text-editor.default\">\n\t\t\t\t<div class=\"elementor-widget-container\">\n\t\t\t\t\t\t\t\t\t<p>Ja tev pat\u012bk retro m\u016bzika, labi dz\u0113rieni un kvalitat\u012bva apkalpo\u0161ana \u2013 tu esi \u012bstaj\u0101 viet\u0101. Kassa pied\u0101v\u0101 neaizmirstamu vakaru ar draugiem, dej\u0101m un atp\u016btu. <\/p>\t\t\t\t\t\t\t\t<\/div>\n\t\t\t\t<\/div>\n\t\t\t\t<div class=\"elementor-element elementor-element-a0ac07f elementor-tablet-align-center elementor-align-center elementor-widget elementor-widget-button\" data-id=\"a0ac07f\" data-element_type=\"widget\" data-e-type=\"widget\" data-widget_type=\"button.default\">\n\t\t\t\t<div class=\"elementor-widget-container\">\n\t\t\t\t\t\t\t\t\t<div class=\"elementor-button-wrapper\">\n\t\t\t\t\t<a class=\"elementor-button elementor-button-link elementor-size-sm\" href=\"https:\/\/lokaalkassa.ee\/reserveeri\/\">\n\t\t\t\t\t\t<span class=\"elementor-button-content-wrapper\">\n\t\t\t\t\t\t\t\t\t<span class=\"elementor-button-text\">REZERV\u0112 galdi\u0146u<\/span>\n\t\t\t\t\t<\/span>\n\t\t\t\t\t<\/a>\n\t\t\t\t<\/div>\n\t\t\t\t\t\t\t\t<\/div>\n\t\t\t\t<\/div>\n\t\t\t\t\t<\/div>\n\t\t\t\t<\/div>\n\t\t<div class=\"elementor-element elementor-element-e24bc37 e-flex e-con-boxed e-con e-parent\" data-id=\"e24bc37\" data-element_type=\"container\" data-e-type=\"container\" data-settings=\"{&quot;background_background&quot;:&quot;classic&quot;}\">\n\t\t\t\t\t<div class=\"e-con-inner\">\n\t\t\t\t\t<\/div>\n\t\t\t\t<\/div>\n\t\t<div class=\"elementor-element elementor-element-f7a5067 e-flex e-con-boxed e-con e-parent\" data-id=\"f7a5067\" data-element_type=\"container\" data-e-type=\"container\" data-settings=\"{&quot;background_background&quot;:&quot;classic&quot;}\">\n\t\t\t\t\t<div class=\"e-con-inner\">\n\t\t<div class=\"elementor-element elementor-element-c5db1b3 e-con-full e-flex e-con e-child\" data-id=\"c5db1b3\" data-element_type=\"container\" data-e-type=\"container\">\n\t\t<div class=\"elementor-element elementor-element-d3afa3c e-flex e-con-boxed e-con e-child\" data-id=\"d3afa3c\" data-element_type=\"container\" data-e-type=\"container\">\n\t\t\t\t\t<div class=\"e-con-inner\">\n\t\t<div class=\"elementor-element elementor-element-5bd9a69 e-con-full e-flex e-con e-child\" data-id=\"5bd9a69\" data-element_type=\"container\" data-e-type=\"container\">\n\t\t\t\t<div class=\"elementor-element elementor-element-8cf41a0 elementor-widget elementor-widget-heading\" data-id=\"8cf41a0\" data-element_type=\"widget\" data-e-type=\"widget\" data-widget_type=\"heading.default\">\n\t\t\t\t<div class=\"elementor-widget-container\">\n\t\t\t\t\t<h2 class=\"elementor-heading-title elementor-size-default\">Rezerv\u0113 galdi\u0146u<\/h2>\t\t\t\t<\/div>\n\t\t\t\t<\/div>\n\t\t\t\t<div class=\"elementor-element elementor-element-1e4c539 elementor-widget elementor-widget-text-editor\" data-id=\"1e4c539\" data-element_type=\"widget\" data-e-type=\"widget\" data-widget_type=\"text-editor.default\">\n\t\t\t\t<div class=\"elementor-widget-container\">\n\t\t\t\t\t\t\t\t\t<p>Padar\u012bsim tavu vakaru \u012bpa\u0161u \u2013 pal\u012bdz\u0113sim atrast piem\u0113rot\u0101ko pied\u0101v\u0101jumu j\u016bsu komp\u0101nijai. Aizpildi zem\u0101k eso\u0161o formu, un m\u0113s par\u016bp\u0113simies par p\u0101r\u0113jo.<br><br> <\/p>\n<p>Ir iesp\u0113jams rezerv\u0113t ar\u012b atsevi\u0161\u0137u z\u0101li ar b\u0101ru vai visu klubu sava pas\u0101kuma r\u012bko\u0161anai.&nbsp;<\/p>\n<p>Vair\u0101k inform\u0101cijas un rezerv\u0101cija: info@lokaalkassa.ee vai pa t\u0101lruni. <\/p>\t\t\t\t\t\t\t\t<\/div>\n\t\t\t\t<\/div>\n\t\t\t\t<div class=\"elementor-element elementor-element-6c92df0 elementor-widget elementor-widget-wpforms\" data-id=\"6c92df0\" data-element_type=\"widget\" data-e-type=\"widget\" data-widget_type=\"wpforms.default\">\n\t\t\t\t<div class=\"elementor-widget-container\">\n\t\t\t\t\t<div class=\"wpforms-container \" id=\"wpforms-992\"><form id=\"wpforms-form-992\" class=\"wpforms-validate wpforms-form\" data-formid=\"992\" method=\"post\" enctype=\"multipart\/form-data\" action=\"\/lv\/wp-json\/wp\/v2\/pages\/1826\" data-token=\"93cb0e98a921b6530c87dd91b029a4aa\" data-token-time=\"1778324695\"><noscript class=\"wpforms-error-noscript\">Please enable JavaScript in your browser to complete this form.<\/noscript><div class=\"wpforms-field-container\"><div id=\"wpforms-992-field_0-container\" class=\"wpforms-field wpforms-field-name wpforms-one-half wpforms-first\" data-field-id=\"0\"><label class=\"wpforms-field-label wpforms-label-hide\" for=\"wpforms-992-field_0\">Nimi <span class=\"wpforms-required-label\">*<\/span><\/label><input type=\"text\" id=\"wpforms-992-field_0\" class=\"wpforms-field-large wpforms-field-required\" name=\"wpforms[fields][0]\" placeholder=\"Nimi*\" required><\/div><div id=\"wpforms-992-field_3-container\" class=\"wpforms-field wpforms-field-text wpforms-one-half\" data-field-id=\"3\"><label class=\"wpforms-field-label wpforms-label-hide\" for=\"wpforms-992-field_3\">Telefoninumber <span class=\"wpforms-required-label\">*<\/span><\/label><input type=\"text\" id=\"wpforms-992-field_3\" class=\"wpforms-field-large wpforms-field-required\" name=\"wpforms[fields][3]\" placeholder=\"Telefoninumber*\" required><\/div><div id=\"wpforms-992-field_1-container\" class=\"wpforms-field wpforms-field-email wpforms-one-half wpforms-first\" data-field-id=\"1\"><label class=\"wpforms-field-label wpforms-label-hide\" for=\"wpforms-992-field_1\">Email <span class=\"wpforms-required-label\">*<\/span><\/label><input type=\"email\" id=\"wpforms-992-field_1\" class=\"wpforms-field-large wpforms-field-required\" name=\"wpforms[fields][1]\" placeholder=\"E-posti aadress*\" spellcheck=\"false\" required><\/div><div id=\"wpforms-992-field_6-container\" class=\"wpforms-field wpforms-field-text wpforms-one-half\" data-field-id=\"6\"><label class=\"wpforms-field-label wpforms-label-hide\" for=\"wpforms-992-field_6\">Single Line Text<\/label><input type=\"text\" id=\"wpforms-992-field_6\" class=\"wpforms-field-large\" name=\"wpforms[fields][6]\" placeholder=\"Paketi nimi\" ><\/div><div id=\"wpforms-992-field_4-container\" class=\"wpforms-field wpforms-field-text wpforms-one-half wpforms-first\" data-field-id=\"4\"><label class=\"wpforms-field-label wpforms-label-hide\" for=\"wpforms-992-field_4\">Inimeste arv<\/label><input type=\"text\" id=\"wpforms-992-field_4\" class=\"wpforms-field-large\" name=\"wpforms[fields][4]\" placeholder=\"Inimeste arv*\" ><\/div><div id=\"wpforms-992-field_5-container\" class=\"wpforms-field wpforms-field-text wpforms-one-half\" data-field-id=\"5\"><label class=\"wpforms-field-label wpforms-label-hide\" for=\"wpforms-992-field_5\">Kuup\u00e4ev <span class=\"wpforms-required-label\">*<\/span><\/label><input type=\"text\" id=\"wpforms-992-field_5\" class=\"wpforms-field-large wpforms-field-required\" name=\"wpforms[fields][5]\" placeholder=\"Kuup\u00e4ev*\" required><\/div><div id=\"wpforms-992-field_2-container\" class=\"wpforms-field wpforms-field-textarea\" data-field-id=\"2\"><label class=\"wpforms-field-label wpforms-label-hide\" for=\"wpforms-992-field_2\">Lisainfo ja erisoovid <span class=\"wpforms-required-label\">*<\/span><\/label><textarea id=\"wpforms-992-field_2\" class=\"wpforms-field-medium wpforms-field-required\" name=\"wpforms[fields][2]\" placeholder=\"Lisainfo ja erisoovid\" required><\/textarea><\/div><div id=\"wpforms-992-field_8-container\" class=\"wpforms-field wpforms-field-checkbox\" data-field-id=\"8\"><label class=\"wpforms-field-label wpforms-label-hide\">Tingimused <span class=\"wpforms-required-label\">*<\/span><\/label><ul id=\"wpforms-992-field_8\" class=\"wpforms-field-required\"><li class=\"choice-1 depth-1\"><input type=\"checkbox\" id=\"wpforms-992-field_8_1\" name=\"wpforms[fields][8][]\" value=\"Olen tutvunud ja n\u00f5ustun Lokaal Kassa kodukorra ja privaatsustingimustega.\" required ><label class=\"wpforms-field-label-inline\" for=\"wpforms-992-field_8_1\">Olen tutvunud ja n\u00f5ustun Lokaal Kassa kodukorra ja privaatsustingimustega.<\/label><\/li><\/ul><\/div><\/div><!-- .wpforms-field-container --><div class=\"wpforms-field wpforms-field-hp\"><label for=\"wpforms-992-field-hp\" class=\"wpforms-field-label\">Name<\/label><input type=\"text\" name=\"wpforms[hp]\" id=\"wpforms-992-field-hp\" class=\"wpforms-field-medium\"><\/div><div class=\"wpforms-recaptcha-container wpforms-is-recaptcha wpforms-is-recaptcha-type-v3\" ><input type=\"hidden\" name=\"wpforms[recaptcha]\" value=\"\"><\/div><div class=\"wpforms-submit-container\" ><input type=\"hidden\" name=\"wpforms[id]\" value=\"992\"><input type=\"hidden\" name=\"page_title\" value=\"\"><input type=\"hidden\" name=\"page_url\" value=\"https:\/\/lokaalkassa.ee\/lv\/wp-json\/wp\/v2\/pages\/1826\"><input type=\"hidden\" name=\"url_referer\" value=\"\"><button type=\"submit\" name=\"wpforms[submit]\" id=\"wpforms-submit-992\" class=\"wpforms-submit\" data-alt-text=\"Saatmine...\" data-submit-text=\"Reserveeri\" aria-live=\"assertive\" value=\"wpforms-submit\">Reserveeri<\/button><\/div><\/form><\/div>  <!-- .wpforms-container -->\t\t\t\t<\/div>\n\t\t\t\t<\/div>\n\t\t\t\t<\/div>\n\t\t\t\t\t<\/div>\n\t\t\t\t<\/div>\n\t\t\t\t<\/div>\n\t\t\t\t\t<\/div>\n\t\t\t\t<\/div>\n\t\t\t\t<\/div>\n\t\t","protected":false},"excerpt":{"rendered":"<p>Tiekamies deju laukum\u0101! Loka\u0101ls Kassa tevi gaida pa\u0161\u0101 P\u0113rnavas sird\u012b ar izklaidi, neaizmirstam\u0101m ball\u012bt\u0113m un pat\u012bkamu atmosf\u0113ru. N\u0101c un izbaudi retro m\u016bziku, gardus koktei\u013cus un lielisku apkalpo\u0161anu! skaties programmu retro pieredze! Ja tev pat\u012bk retro m\u016bzika, labi dz\u0113rieni un kvalitat\u012bva apkalpo\u0161ana \u2013 tu esi \u012bstaj\u0101 viet\u0101. Kassa pied\u0101v\u0101 neaizmirstamu vakaru ar draugiem, dej\u0101m un atp\u016btu. [&hellip;]<\/p>\n","protected":false},"author":2,"featured_media":0,"parent":0,"menu_order":0,"comment_status":"closed","ping_status":"closed","template":"","meta":{"site-sidebar-layout":"no-sidebar","site-content-layout":"page-builder","ast-site-content-layout":"full-width-container","site-content-style":"unboxed","site-sidebar-style":"unboxed","ast-global-header-display":"","ast-banner-title-visibility":"","ast-main-header-display":"","ast-hfb-above-header-display":"","ast-hfb-below-header-display":"","ast-hfb-mobile-header-display":"","site-post-title":"disabled","ast-breadcrumbs-content":"disabled","ast-featured-img":"disabled","footer-sml-layout":"","ast-disable-related-posts":"","theme-transparent-header-meta":"enabled","adv-header-id-meta":"","stick-header-meta":"","header-above-stick-meta":"","header-main-stick-meta":"","header-below-stick-meta":"","astra-migrate-meta-layouts":"default","ast-page-background-enabled":"default","ast-page-background-meta":{"desktop":{"background-color":"","background-image":"","background-repeat":"repeat","background-position":"center center","background-size":"auto","background-attachment":"scroll","background-type":"","background-media":"","overlay-type":"","overlay-color":"","overlay-opacity":"","overlay-gradient":""},"tablet":{"background-color":"","background-image":"","background-repeat":"repeat","background-position":"center center","background-size":"auto","background-attachment":"scroll","background-type":"","background-media":"","overlay-type":"","overlay-color":"","overlay-opacity":"","overlay-gradient":""},"mobile":{"background-color":"","background-image":"","background-repeat":"repeat","background-position":"center center","background-size":"auto","background-attachment":"scroll","background-type":"","background-media":"","overlay-type":"","overlay-color":"","overlay-opacity":"","overlay-gradient":""}},"ast-content-background-meta":{"desktop":{"background-color":"var(--ast-global-color-5)","background-image":"","background-repeat":"repeat","background-position":"center center","background-size":"auto","background-attachment":"scroll","background-type":"","background-media":"","overlay-type":"","overlay-color":"","overlay-opacity":"","overlay-gradient":""},"tablet":{"background-color":"var(--ast-global-color-5)","background-image":"","background-repeat":"repeat","background-position":"center center","background-size":"auto","background-attachment":"scroll","background-type":"","background-media":"","overlay-type":"","overlay-color":"","overlay-opacity":"","overlay-gradient":""},"mobile":{"background-color":"var(--ast-global-color-5)","background-image":"","background-repeat":"repeat","background-position":"center center","background-size":"auto","background-attachment":"scroll","background-type":"","background-media":"","overlay-type":"","overlay-color":"","overlay-opacity":"","overlay-gradient":""}},"footnotes":""},"class_list":["post-1826","page","type-page","status-publish","hentry"],"yoast_head":"<!-- This site is optimized with the Yoast SEO plugin v27.5 - https:\/\/yoast.com\/product\/yoast-seo-wordpress\/ -->\n<title>S\u0101kumlapa - Lokaal Kassa<\/title>\n<meta name=\"robots\" content=\"index, follow, max-snippet:-1, max-image-preview:large, max-video-preview:-1\" \/>\n<link rel=\"canonical\" href=\"https:\/\/lokaalkassa.ee\/lv\/\" \/>\n<meta property=\"og:locale\" content=\"lv_LV\" \/>\n<meta property=\"og:type\" content=\"article\" \/>\n<meta property=\"og:title\" content=\"S\u0101kumlapa - Lokaal Kassa\" \/>\n<meta property=\"og:description\" content=\"Tiekamies deju laukum\u0101! Loka\u0101ls Kassa tevi gaida pa\u0161\u0101 P\u0113rnavas sird\u012b ar izklaidi, neaizmirstam\u0101m ball\u012bt\u0113m un pat\u012bkamu atmosf\u0113ru. N\u0101c un izbaudi retro m\u016bziku, gardus koktei\u013cus un lielisku apkalpo\u0161anu! skaties programmu retro pieredze! Ja tev pat\u012bk retro m\u016bzika, labi dz\u0113rieni un kvalitat\u012bva apkalpo\u0161ana \u2013 tu esi \u012bstaj\u0101 viet\u0101. Kassa pied\u0101v\u0101 neaizmirstamu vakaru ar draugiem, dej\u0101m un atp\u016btu. [&hellip;]\" \/>\n<meta property=\"og:url\" content=\"https:\/\/lokaalkassa.ee\/lv\/\" \/>\n<meta property=\"og:site_name\" content=\"Lokaal Kassa\" \/>\n<meta property=\"article:publisher\" content=\"https:\/\/www.facebook.com\/lokaalkassa\" \/>\n<meta property=\"article:modified_time\" content=\"2025-04-14T11:59:18+00:00\" \/>\n<meta property=\"og:image\" content=\"https:\/\/lokaalkassa.ee\/wp-content\/uploads\/2024\/05\/Nimetu-kujundus-41.png\" \/>\n\t<meta property=\"og:image:width\" content=\"700\" \/>\n\t<meta property=\"og:image:height\" content=\"400\" \/>\n\t<meta property=\"og:image:type\" content=\"image\/png\" \/>\n<meta name=\"twitter:card\" content=\"summary_large_image\" \/>\n<meta name=\"twitter:label1\" content=\"Est. reading time\" \/>\n\t<meta name=\"twitter:data1\" content=\"1 minute\" \/>\n<script type=\"application\/ld+json\" class=\"yoast-schema-graph\">{\"@context\":\"https:\\\/\\\/schema.org\",\"@graph\":[{\"@type\":\"WebPage\",\"@id\":\"https:\\\/\\\/lokaalkassa.ee\\\/lv\\\/\",\"url\":\"https:\\\/\\\/lokaalkassa.ee\\\/lv\\\/\",\"name\":\"S\u0101kumlapa - Lokaal Kassa\",\"isPartOf\":{\"@id\":\"https:\\\/\\\/lokaalkassa.ee\\\/lv\\\/#website\"},\"primaryImageOfPage\":{\"@id\":\"https:\\\/\\\/lokaalkassa.ee\\\/lv\\\/#primaryimage\"},\"image\":{\"@id\":\"https:\\\/\\\/lokaalkassa.ee\\\/lv\\\/#primaryimage\"},\"thumbnailUrl\":\"https:\\\/\\\/lokaalkassa.ee\\\/wp-content\\\/uploads\\\/2024\\\/05\\\/Nimetu-kujundus-41.png\",\"datePublished\":\"2020-05-07T04:10:07+00:00\",\"dateModified\":\"2025-04-14T11:59:18+00:00\",\"breadcrumb\":{\"@id\":\"https:\\\/\\\/lokaalkassa.ee\\\/lv\\\/#breadcrumb\"},\"inLanguage\":\"lv-LV\",\"potentialAction\":[{\"@type\":\"ReadAction\",\"target\":[\"https:\\\/\\\/lokaalkassa.ee\\\/lv\\\/\"]}]},{\"@type\":\"ImageObject\",\"inLanguage\":\"lv-LV\",\"@id\":\"https:\\\/\\\/lokaalkassa.ee\\\/lv\\\/#primaryimage\",\"url\":\"https:\\\/\\\/lokaalkassa.ee\\\/wp-content\\\/uploads\\\/2024\\\/05\\\/Nimetu-kujundus-41.png\",\"contentUrl\":\"https:\\\/\\\/lokaalkassa.ee\\\/wp-content\\\/uploads\\\/2024\\\/05\\\/Nimetu-kujundus-41.png\"},{\"@type\":\"BreadcrumbList\",\"@id\":\"https:\\\/\\\/lokaalkassa.ee\\\/lv\\\/#breadcrumb\",\"itemListElement\":[{\"@type\":\"ListItem\",\"position\":1,\"name\":\"Home\",\"item\":\"https:\\\/\\\/lokaalkassa.ee\\\/lv\\\/sakumlapa\\\/\"},{\"@type\":\"ListItem\",\"position\":2,\"name\":\"S\u0101kumlapa\"}]},{\"@type\":\"WebSite\",\"@id\":\"https:\\\/\\\/lokaalkassa.ee\\\/lv\\\/#website\",\"url\":\"https:\\\/\\\/lokaalkassa.ee\\\/lv\\\/\",\"name\":\"lokaalkassa.ee\",\"description\":\"Lokaal Kassa on P&auml;rnu s&uuml;dames asuv lokaal, mis pakub kvaliteetset meelelahutust &otilde;htu- ning &ouml;&ouml;tundidesse.\",\"publisher\":{\"@id\":\"https:\\\/\\\/lokaalkassa.ee\\\/lv\\\/#organization\"},\"potentialAction\":[{\"@type\":\"SearchAction\",\"target\":{\"@type\":\"EntryPoint\",\"urlTemplate\":\"https:\\\/\\\/lokaalkassa.ee\\\/lv\\\/?s={search_term_string}\"},\"query-input\":{\"@type\":\"PropertyValueSpecification\",\"valueRequired\":true,\"valueName\":\"search_term_string\"}}],\"inLanguage\":\"lv-LV\"},{\"@type\":\"Organization\",\"@id\":\"https:\\\/\\\/lokaalkassa.ee\\\/lv\\\/#organization\",\"name\":\"Lokaal Kassa\",\"url\":\"https:\\\/\\\/lokaalkassa.ee\\\/lv\\\/\",\"logo\":{\"@type\":\"ImageObject\",\"inLanguage\":\"lv-LV\",\"@id\":\"https:\\\/\\\/lokaalkassa.ee\\\/lv\\\/#\\\/schema\\\/logo\\\/image\\\/\",\"url\":\"https:\\\/\\\/lokaalkassa.ee\\\/wp-content\\\/uploads\\\/2024\\\/01\\\/Nimetu-kujundus-12.png\",\"contentUrl\":\"https:\\\/\\\/lokaalkassa.ee\\\/wp-content\\\/uploads\\\/2024\\\/01\\\/Nimetu-kujundus-12.png\",\"width\":1000,\"height\":400,\"caption\":\"Lokaal Kassa\"},\"image\":{\"@id\":\"https:\\\/\\\/lokaalkassa.ee\\\/lv\\\/#\\\/schema\\\/logo\\\/image\\\/\"},\"sameAs\":[\"https:\\\/\\\/www.facebook.com\\\/lokaalkassa\"]}]}<\/script>\n<!-- \/ Yoast SEO plugin. -->","yoast_head_json":{"title":"S\u0101kumlapa - Lokaal Kassa","robots":{"index":"index","follow":"follow","max-snippet":"max-snippet:-1","max-image-preview":"max-image-preview:large","max-video-preview":"max-video-preview:-1"},"canonical":"https:\/\/lokaalkassa.ee\/lv\/","og_locale":"lv_LV","og_type":"article","og_title":"S\u0101kumlapa - Lokaal Kassa","og_description":"Tiekamies deju laukum\u0101! Loka\u0101ls Kassa tevi gaida pa\u0161\u0101 P\u0113rnavas sird\u012b ar izklaidi, neaizmirstam\u0101m ball\u012bt\u0113m un pat\u012bkamu atmosf\u0113ru. N\u0101c un izbaudi retro m\u016bziku, gardus koktei\u013cus un lielisku apkalpo\u0161anu! skaties programmu retro pieredze! Ja tev pat\u012bk retro m\u016bzika, labi dz\u0113rieni un kvalitat\u012bva apkalpo\u0161ana \u2013 tu esi \u012bstaj\u0101 viet\u0101. Kassa pied\u0101v\u0101 neaizmirstamu vakaru ar draugiem, dej\u0101m un atp\u016btu. [&hellip;]","og_url":"https:\/\/lokaalkassa.ee\/lv\/","og_site_name":"Lokaal Kassa","article_publisher":"https:\/\/www.facebook.com\/lokaalkassa","article_modified_time":"2025-04-14T11:59:18+00:00","og_image":[{"width":700,"height":400,"url":"https:\/\/lokaalkassa.ee\/wp-content\/uploads\/2024\/05\/Nimetu-kujundus-41.png","type":"image\/png"}],"twitter_card":"summary_large_image","twitter_misc":{"Est. reading time":"1 minute"},"schema":{"@context":"https:\/\/schema.org","@graph":[{"@type":"WebPage","@id":"https:\/\/lokaalkassa.ee\/lv\/","url":"https:\/\/lokaalkassa.ee\/lv\/","name":"S\u0101kumlapa - Lokaal Kassa","isPartOf":{"@id":"https:\/\/lokaalkassa.ee\/lv\/#website"},"primaryImageOfPage":{"@id":"https:\/\/lokaalkassa.ee\/lv\/#primaryimage"},"image":{"@id":"https:\/\/lokaalkassa.ee\/lv\/#primaryimage"},"thumbnailUrl":"https:\/\/lokaalkassa.ee\/wp-content\/uploads\/2024\/05\/Nimetu-kujundus-41.png","datePublished":"2020-05-07T04:10:07+00:00","dateModified":"2025-04-14T11:59:18+00:00","breadcrumb":{"@id":"https:\/\/lokaalkassa.ee\/lv\/#breadcrumb"},"inLanguage":"lv-LV","potentialAction":[{"@type":"ReadAction","target":["https:\/\/lokaalkassa.ee\/lv\/"]}]},{"@type":"ImageObject","inLanguage":"lv-LV","@id":"https:\/\/lokaalkassa.ee\/lv\/#primaryimage","url":"https:\/\/lokaalkassa.ee\/wp-content\/uploads\/2024\/05\/Nimetu-kujundus-41.png","contentUrl":"https:\/\/lokaalkassa.ee\/wp-content\/uploads\/2024\/05\/Nimetu-kujundus-41.png"},{"@type":"BreadcrumbList","@id":"https:\/\/lokaalkassa.ee\/lv\/#breadcrumb","itemListElement":[{"@type":"ListItem","position":1,"name":"Home","item":"https:\/\/lokaalkassa.ee\/lv\/sakumlapa\/"},{"@type":"ListItem","position":2,"name":"S\u0101kumlapa"}]},{"@type":"WebSite","@id":"https:\/\/lokaalkassa.ee\/lv\/#website","url":"https:\/\/lokaalkassa.ee\/lv\/","name":"lokaalkassa.ee","description":"Lokaal Kassa on P&auml;rnu s&uuml;dames asuv lokaal, mis pakub kvaliteetset meelelahutust &otilde;htu- ning &ouml;&ouml;tundidesse.","publisher":{"@id":"https:\/\/lokaalkassa.ee\/lv\/#organization"},"potentialAction":[{"@type":"SearchAction","target":{"@type":"EntryPoint","urlTemplate":"https:\/\/lokaalkassa.ee\/lv\/?s={search_term_string}"},"query-input":{"@type":"PropertyValueSpecification","valueRequired":true,"valueName":"search_term_string"}}],"inLanguage":"lv-LV"},{"@type":"Organization","@id":"https:\/\/lokaalkassa.ee\/lv\/#organization","name":"Lokaal Kassa","url":"https:\/\/lokaalkassa.ee\/lv\/","logo":{"@type":"ImageObject","inLanguage":"lv-LV","@id":"https:\/\/lokaalkassa.ee\/lv\/#\/schema\/logo\/image\/","url":"https:\/\/lokaalkassa.ee\/wp-content\/uploads\/2024\/01\/Nimetu-kujundus-12.png","contentUrl":"https:\/\/lokaalkassa.ee\/wp-content\/uploads\/2024\/01\/Nimetu-kujundus-12.png","width":1000,"height":400,"caption":"Lokaal Kassa"},"image":{"@id":"https:\/\/lokaalkassa.ee\/lv\/#\/schema\/logo\/image\/"},"sameAs":["https:\/\/www.facebook.com\/lokaalkassa"]}]}},"_links":{"self":[{"href":"https:\/\/lokaalkassa.ee\/lv\/wp-json\/wp\/v2\/pages\/1826","targetHints":{"allow":["GET"]}}],"collection":[{"href":"https:\/\/lokaalkassa.ee\/lv\/wp-json\/wp\/v2\/pages"}],"about":[{"href":"https:\/\/lokaalkassa.ee\/lv\/wp-json\/wp\/v2\/types\/page"}],"author":[{"embeddable":true,"href":"https:\/\/lokaalkassa.ee\/lv\/wp-json\/wp\/v2\/users\/2"}],"replies":[{"embeddable":true,"href":"https:\/\/lokaalkassa.ee\/lv\/wp-json\/wp\/v2\/comments?post=1826"}],"version-history":[{"count":1,"href":"https:\/\/lokaalkassa.ee\/lv\/wp-json\/wp\/v2\/pages\/1826\/revisions"}],"predecessor-version":[{"id":1827,"href":"https:\/\/lokaalkassa.ee\/lv\/wp-json\/wp\/v2\/pages\/1826\/revisions\/1827"}],"wp:attachment":[{"href":"https:\/\/lokaalkassa.ee\/lv\/wp-json\/wp\/v2\/media?parent=1826"}],"curies":[{"name":"wp","href":"https:\/\/api.w.org\/{rel}","templated":true}]}}