{"id":1783,"date":"2024-05-22T12:17:15","date_gmt":"2024-05-22T09:17:15","guid":{"rendered":"https:\/\/lokaalkassa.ee\/reglaments\/"},"modified":"2025-03-28T11:24:22","modified_gmt":"2025-03-28T09:24:22","slug":"reglaments","status":"publish","type":"page","link":"https:\/\/lokaalkassa.ee\/lv\/reglaments\/","title":{"rendered":"Reglaments"},"content":{"rendered":"\t\t<div data-elementor-type=\"wp-page\" data-elementor-id=\"1783\" class=\"elementor elementor-1783 elementor-1028\">\n\t\t\t\t<div class=\"elementor-element elementor-element-82a4834 e-flex e-con-boxed e-con e-parent\" data-id=\"82a4834\" data-element_type=\"container\" data-e-type=\"container\">\n\t\t\t\t\t<div class=\"e-con-inner\">\n\t\t\t\t\t<\/div>\n\t\t\t\t<\/div>\n\t\t<div class=\"elementor-element elementor-element-36d16ca e-flex e-con-boxed e-con e-parent\" data-id=\"36d16ca\" data-element_type=\"container\" data-e-type=\"container\">\n\t\t\t\t\t<div class=\"e-con-inner\">\n\t\t\t\t<div class=\"elementor-element elementor-element-c8e8456 elementor-widget elementor-widget-heading\" data-id=\"c8e8456\" data-element_type=\"widget\" data-e-type=\"widget\" data-widget_type=\"heading.default\">\n\t\t\t\t<div class=\"elementor-widget-container\">\n\t\t\t\t\t<h1 class=\"elementor-heading-title elementor-size-default\">reglaments<\/h1>\t\t\t\t<\/div>\n\t\t\t\t<\/div>\n\t\t\t\t<div class=\"elementor-element elementor-element-0ead6d5 elementor-widget-divider--view-line elementor-widget elementor-widget-divider\" data-id=\"0ead6d5\" data-element_type=\"widget\" data-e-type=\"widget\" data-widget_type=\"divider.default\">\n\t\t\t\t<div class=\"elementor-widget-container\">\n\t\t\t\t\t\t\t<div class=\"elementor-divider\">\n\t\t\t<span class=\"elementor-divider-separator\">\n\t\t\t\t\t\t<\/span>\n\t\t<\/div>\n\t\t\t\t\t\t<\/div>\n\t\t\t\t<\/div>\n\t\t\t\t<div class=\"elementor-element elementor-element-2c15c7c elementor-widget elementor-widget-text-editor\" data-id=\"2c15c7c\" data-element_type=\"widget\" data-e-type=\"widget\" data-widget_type=\"text-editor.default\">\n\t\t\t\t<div class=\"elementor-widget-container\">\n\t\t\t\t\t\t\t\t\t<p>M\u0113s piekr\u012btam, ka, viesojoties pie mums, j\u016bs iev\u0113rosiet m\u016bsu m\u0101jas noteikumus. T\u0101d\u0113j\u0101di m\u0113s visi kop\u0101 var\u0113sim jautri pavad\u012bt laiku.   <\/p>\t\t\t\t\t\t\t\t<\/div>\n\t\t\t\t<\/div>\n\t\t\t\t<div class=\"elementor-element elementor-element-2c1d6a2 elementor-widget elementor-widget-text-editor\" data-id=\"2c1d6a2\" data-element_type=\"widget\" data-e-type=\"widget\" data-widget_type=\"text-editor.default\">\n\t\t\t\t<div class=\"elementor-widget-container\">\n\t\t\t\t\t\t\t\t\t<ul><li>Viet\u0113j\u0101 Kassa ir pieejama cilv\u0113kiem vecum\u0101 no 25 gadiem, viet\u0113jai pa\u0161vald\u012bbai ir ties\u012bbas main\u012bt vecuma ierobe\u017eojumu. <\/li><li>Iece\u013cojot j\u0101uzr\u0101da der\u012bgs dokuments (autovad\u012bt\u0101ja apliec\u012bba, ID karte, pase). Ja dokuments netiek uzr\u0101d\u012bts, administratoram ir ties\u012bbas liegt iece\u013co\u0161anu. <\/li><li>Ja aizbraucat, bi\u013cetes der\u012bguma termi\u0146\u0161 beidzas.<\/li><li>Viet\u0113jo apmekl\u0113t\u0101ju ap\u0123\u0113rbs ir pareizs, sporta ap\u0123\u0113rbs, bl\u016bzes, cepures utt. nav pareizs ap\u0123\u0113rbs. Administratoram ir ties\u012bbas atteikt apmekl\u0113t\u0101ja ielai\u0161anu klub\u0101 ap\u0123\u0113rba d\u0113\u013c. <\/li><li>Ir aizliegts uztur\u0113ties telp\u0101s kombinezonos &#8211; \u017eaketes, m\u0113te\u013cus un m\u0113te\u013cus l\u016bdzam atst\u0101t garderob\u0113.<\/li><li>Lokaal Kassa nav atbild\u012bga par ap\u0123\u0113rba kabat\u0101s atst\u0101tajiem priek\u0161metiem, kas atrodas \u0123\u0113rbtuv\u0113.<\/li><li>Rokassomas \u0123\u0113rbtuv\u0113 netiek pie\u0146emtas.<\/li><li>Person\u0101m, kas ir alkohola reibum\u0101, psihotropo vielu ietekm\u0113, person\u0101m, kas ar savu uzved\u012bbu trauc\u0113 citiem apmekl\u0113t\u0101jiem un\/vai telpu darbiniekiem, ir aizliegts ieiet un uztur\u0113ties telp\u0101s. Administratoram ir ties\u012bbas \u0161\u0101das personas neielaist un\/vai izraid\u012bt no telp\u0101m. Naudas atmaksa netiek pie\u0161\u0137irta.  <\/li><li>Lokaal Kassa apmekl\u0113t\u0101jiem nav at\u013cauts \u0146emt l\u012bdzi alkoholu un citus dz\u0113rienus vai p\u0101rtiku.<\/li><li>Kassa telp\u0101s ir aizliegts ien\u0101kt ar iero\u010diem vai priek\u0161metiem, kas var apdraud\u0113t citu apmekl\u0113t\u0101ju un\/vai person\u0101la dz\u012bv\u012bbu un vesel\u012bbu, tostarp mun\u012bciju, spr\u0101gstviel\u0101m, viegli uzliesmojo\u0161\u0101m vai toksisk\u0101m viel\u0101m, radioakt\u012bviem materi\u0101liem utt.<\/li><li>Viet\u0113j\u0101s kases apmekl\u0113t\u0101jiem ir j\u0101pak\u013caujas kases darbinieku pamatotiem nor\u0101d\u012bjumiem, pret\u0113j\u0101 gad\u012bjum\u0101 p\u0101rk\u0101p\u0113ju var izraid\u012bt no telp\u0101m, bet nopietn\u0101ku p\u0101rk\u0101pumu gad\u012bjum\u0101 &#8211; aizliegt ieeju.<\/li><li>Lokaal viesiem nav at\u013cauts ievest dz\u012bvniekus.<\/li><li>Viet\u0113j\u0101 Kassa nav atbild\u012bga par bez uzraudz\u012bbas atst\u0101tu priek\u0161metu glab\u0101\u0161anu telp\u0101s.<\/li><li>Kassa telp\u0101s ir aizliegts fotograf\u0113t un film\u0113t, iz\u0146emot gad\u012bjumus, kad ir sa\u0146emta \u012bpa\u0161a at\u013cauja no telpu vad\u012bbas.<\/li><li>Lokaal Kassa l\u016bdz apmekl\u0113t\u0101jus p\u0101rbaud\u012bt savu naudu, neatst\u0101jot kasi, un jebk\u0101das turpm\u0101kas pretenzijas netiks \u0146emtas v\u0113r\u0101.<\/li><li>M\u0113s l\u016bdzam j\u016bs lab\u0101 veid\u0101 izmantot viet\u0113j\u0101s iek\u0101rtas un apr\u012bkojumu, kompens\u0101cija par saboj\u0101t\u0101m iek\u0101rt\u0101m un apr\u012bkojumu ir saska\u0146\u0101 ar cenr\u0101di vai p\u0113c vieno\u0161an\u0101s un ir maks\u0101jama kas\u0113, stikla izsitumu gad\u012bjum\u0101 apmekl\u0113t\u0101jam ir pien\u0101kums iemaks\u0101t kas\u0113 5 eiro.<\/li><li>Lokaal Kassa \u0123\u0113rbtuves numura nozaud\u0113\u0161anas gad\u012bjum\u0101 apmekl\u0113t\u0101jam ir j\u0101maks\u0101 soda nauda 6 EUR apm\u0113r\u0101.<\/li><li>Viet\u0113jais Kases noteikumu p\u0101rk\u0101puma gad\u012bjum\u0101 viet\u0113jie darbinieki var likt personai atst\u0101t telpas. Kompens\u0101cija netiek pie\u0161\u0137irta. <\/li><li>Sm\u0113\u0137\u0113t, tostarp elektronisk\u0101s cigaretes, dr\u012bkst tikai tam paredz\u0113t\u0101 viet\u0101, kas ir attiec\u012bgi mar\u0137\u0113ta.<\/li><li>Lokaal Kassa patur ties\u012bbas veikt klientu atlasi.<\/li><li>S\u016bdz\u012bbas par Nightfall Kassa person\u0101lu var s\u016bt\u012bt uz <a href=\"mailto:info@lokaalkassa.ee\" target=\"_blank\" rel=\"noopener\">info@lokaalkassa.ee<\/a>.<\/li><li>Dzeramnaudu dr\u012bkst dot viet\u0113j\u0101s kases apkalpojo\u0161ajam person\u0101lam.<\/li><li>Garderob\u0113 atst\u0101tos vai pazaud\u0113tos priek\u0161metus var sa\u0146emt, sazinoties ar telp\u0101m norun\u0101taj\u0101 laik\u0101 vai darba laik\u0101.<\/li><li>Lai nodro\u0161in\u0101tu dro\u0161\u012bbu objekt\u0101, ir izveidota videonov\u0113ro\u0161anas sist\u0113ma.<\/li><li>Lokaal Kassa patur ties\u012bbas jebkur\u0101 laik\u0101 groz\u012bt un\/vai main\u012bt \u0161os Noteikumus.<\/li><\/ul>\t\t\t\t\t\t\t\t<\/div>\n\t\t\t\t<\/div>\n\t\t\t\t<div class=\"elementor-element elementor-element-67ab72c elementor-align-center elementor-widget elementor-widget-button\" data-id=\"67ab72c\" data-element_type=\"widget\" data-e-type=\"widget\" data-widget_type=\"button.default\">\n\t\t\t\t<div class=\"elementor-widget-container\">\n\t\t\t\t\t\t\t\t\t<div class=\"elementor-button-wrapper\">\n\t\t\t\t\t<a class=\"elementor-button elementor-button-link elementor-size-sm\" href=\"https:\/\/lokaalkassa.ee\/lv\/shema\/\">\n\t\t\t\t\t\t<span class=\"elementor-button-content-wrapper\">\n\t\t\t\t\t\t\t\t\t<span class=\"elementor-button-text\">N\u0101kam uz ball\u012bti!  <\/span>\n\t\t\t\t\t<\/span>\n\t\t\t\t\t<\/a>\n\t\t\t\t<\/div>\n\t\t\t\t\t\t\t\t<\/div>\n\t\t\t\t<\/div>\n\t\t\t\t\t<\/div>\n\t\t\t\t<\/div>\n\t\t\t\t<\/div>\n\t\t","protected":false},"excerpt":{"rendered":"<p>reglaments M\u0113s piekr\u012btam, ka, viesojoties pie mums, j\u016bs iev\u0113rosiet m\u016bsu m\u0101jas noteikumus. T\u0101d\u0113j\u0101di m\u0113s visi kop\u0101 var\u0113sim jautri pavad\u012bt laiku. Viet\u0113j\u0101 Kassa ir pieejama cilv\u0113kiem vecum\u0101 no 25 gadiem, viet\u0113jai pa\u0161vald\u012bbai ir ties\u012bbas main\u012bt vecuma ierobe\u017eojumu. Iece\u013cojot j\u0101uzr\u0101da der\u012bgs dokuments (autovad\u012bt\u0101ja apliec\u012bba, ID karte, pase). Ja dokuments netiek uzr\u0101d\u012bts, administratoram ir ties\u012bbas liegt iece\u013co\u0161anu. Ja [&hellip;]<\/p>\n","protected":false},"author":1,"featured_media":0,"parent":0,"menu_order":0,"comment_status":"closed","ping_status":"closed","template":"","meta":{"site-sidebar-layout":"no-sidebar","site-content-layout":"page-builder","ast-site-content-layout":"default","site-content-style":"default","site-sidebar-style":"default","ast-global-header-display":"","ast-banner-title-visibility":"","ast-main-header-display":"","ast-hfb-above-header-display":"","ast-hfb-below-header-display":"","ast-hfb-mobile-header-display":"","site-post-title":"disabled","ast-breadcrumbs-content":"disabled","ast-featured-img":"disabled","footer-sml-layout":"","ast-disable-related-posts":"","theme-transparent-header-meta":"enabled","adv-header-id-meta":"","stick-header-meta":"","header-above-stick-meta":"","header-main-stick-meta":"","header-below-stick-meta":"","astra-migrate-meta-layouts":"default","ast-page-background-enabled":"default","ast-page-background-meta":{"desktop":{"background-color":"","background-image":"","background-repeat":"repeat","background-position":"center center","background-size":"auto","background-attachment":"scroll","background-type":"","background-media":"","overlay-type":"","overlay-color":"","overlay-opacity":"","overlay-gradient":""},"tablet":{"background-color":"","background-image":"","background-repeat":"repeat","background-position":"center center","background-size":"auto","background-attachment":"scroll","background-type":"","background-media":"","overlay-type":"","overlay-color":"","overlay-opacity":"","overlay-gradient":""},"mobile":{"background-color":"","background-image":"","background-repeat":"repeat","background-position":"center center","background-size":"auto","background-attachment":"scroll","background-type":"","background-media":"","overlay-type":"","overlay-color":"","overlay-opacity":"","overlay-gradient":""}},"ast-content-background-meta":{"desktop":{"background-color":"var(--ast-global-color-5)","background-image":"","background-repeat":"repeat","background-position":"center center","background-size":"auto","background-attachment":"scroll","background-type":"","background-media":"","overlay-type":"","overlay-color":"","overlay-opacity":"","overlay-gradient":""},"tablet":{"background-color":"var(--ast-global-color-5)","background-image":"","background-repeat":"repeat","background-position":"center center","background-size":"auto","background-attachment":"scroll","background-type":"","background-media":"","overlay-type":"","overlay-color":"","overlay-opacity":"","overlay-gradient":""},"mobile":{"background-color":"var(--ast-global-color-5)","background-image":"","background-repeat":"repeat","background-position":"center center","background-size":"auto","background-attachment":"scroll","background-type":"","background-media":"","overlay-type":"","overlay-color":"","overlay-opacity":"","overlay-gradient":""}},"footnotes":""},"class_list":["post-1783","page","type-page","status-publish","hentry"],"yoast_head":"<!-- This site is optimized with the Yoast SEO plugin v27.5 - https:\/\/yoast.com\/product\/yoast-seo-wordpress\/ -->\n<title>Reglaments - Lokaal Kassa<\/title>\n<meta name=\"robots\" content=\"index, follow, max-snippet:-1, max-image-preview:large, max-video-preview:-1\" \/>\n<link rel=\"canonical\" href=\"https:\/\/lokaalkassa.ee\/lv\/reglaments\/\" \/>\n<meta property=\"og:locale\" content=\"lv_LV\" \/>\n<meta property=\"og:type\" content=\"article\" \/>\n<meta property=\"og:title\" content=\"Reglaments - Lokaal Kassa\" \/>\n<meta property=\"og:description\" content=\"reglaments M\u0113s piekr\u012btam, ka, viesojoties pie mums, j\u016bs iev\u0113rosiet m\u016bsu m\u0101jas noteikumus. T\u0101d\u0113j\u0101di m\u0113s visi kop\u0101 var\u0113sim jautri pavad\u012bt laiku. Viet\u0113j\u0101 Kassa ir pieejama cilv\u0113kiem vecum\u0101 no 25 gadiem, viet\u0113jai pa\u0161vald\u012bbai ir ties\u012bbas main\u012bt vecuma ierobe\u017eojumu. Iece\u013cojot j\u0101uzr\u0101da der\u012bgs dokuments (autovad\u012bt\u0101ja apliec\u012bba, ID karte, pase). Ja dokuments netiek uzr\u0101d\u012bts, administratoram ir ties\u012bbas liegt iece\u013co\u0161anu. Ja [&hellip;]\" \/>\n<meta property=\"og:url\" content=\"https:\/\/lokaalkassa.ee\/lv\/reglaments\/\" \/>\n<meta property=\"og:site_name\" content=\"Lokaal Kassa\" \/>\n<meta property=\"article:publisher\" content=\"https:\/\/www.facebook.com\/lokaalkassa\" \/>\n<meta property=\"article:modified_time\" content=\"2025-03-28T09:24:22+00:00\" \/>\n<meta name=\"twitter:card\" content=\"summary_large_image\" \/>\n<meta name=\"twitter:label1\" content=\"Est. reading time\" \/>\n\t<meta name=\"twitter:data1\" content=\"3 minutes\" \/>\n<script type=\"application\/ld+json\" class=\"yoast-schema-graph\">{\"@context\":\"https:\\\/\\\/schema.org\",\"@graph\":[{\"@type\":\"WebPage\",\"@id\":\"https:\\\/\\\/lokaalkassa.ee\\\/lv\\\/reglaments\\\/\",\"url\":\"https:\\\/\\\/lokaalkassa.ee\\\/lv\\\/reglaments\\\/\",\"name\":\"Reglaments - Lokaal Kassa\",\"isPartOf\":{\"@id\":\"https:\\\/\\\/lokaalkassa.ee\\\/lv\\\/#website\"},\"datePublished\":\"2024-05-22T09:17:15+00:00\",\"dateModified\":\"2025-03-28T09:24:22+00:00\",\"breadcrumb\":{\"@id\":\"https:\\\/\\\/lokaalkassa.ee\\\/lv\\\/reglaments\\\/#breadcrumb\"},\"inLanguage\":\"lv-LV\",\"potentialAction\":[{\"@type\":\"ReadAction\",\"target\":[\"https:\\\/\\\/lokaalkassa.ee\\\/lv\\\/reglaments\\\/\"]}]},{\"@type\":\"BreadcrumbList\",\"@id\":\"https:\\\/\\\/lokaalkassa.ee\\\/lv\\\/reglaments\\\/#breadcrumb\",\"itemListElement\":[{\"@type\":\"ListItem\",\"position\":1,\"name\":\"Home\",\"item\":\"https:\\\/\\\/lokaalkassa.ee\\\/lv\\\/sakumlapa\\\/\"},{\"@type\":\"ListItem\",\"position\":2,\"name\":\"Reglaments\"}]},{\"@type\":\"WebSite\",\"@id\":\"https:\\\/\\\/lokaalkassa.ee\\\/lv\\\/#website\",\"url\":\"https:\\\/\\\/lokaalkassa.ee\\\/lv\\\/\",\"name\":\"lokaalkassa.ee\",\"description\":\"Lokaal Kassa on P&auml;rnu s&uuml;dames asuv lokaal, mis pakub kvaliteetset meelelahutust &otilde;htu- ning &ouml;&ouml;tundidesse.\",\"publisher\":{\"@id\":\"https:\\\/\\\/lokaalkassa.ee\\\/lv\\\/#organization\"},\"potentialAction\":[{\"@type\":\"SearchAction\",\"target\":{\"@type\":\"EntryPoint\",\"urlTemplate\":\"https:\\\/\\\/lokaalkassa.ee\\\/lv\\\/?s={search_term_string}\"},\"query-input\":{\"@type\":\"PropertyValueSpecification\",\"valueRequired\":true,\"valueName\":\"search_term_string\"}}],\"inLanguage\":\"lv-LV\"},{\"@type\":\"Organization\",\"@id\":\"https:\\\/\\\/lokaalkassa.ee\\\/lv\\\/#organization\",\"name\":\"Lokaal Kassa\",\"url\":\"https:\\\/\\\/lokaalkassa.ee\\\/lv\\\/\",\"logo\":{\"@type\":\"ImageObject\",\"inLanguage\":\"lv-LV\",\"@id\":\"https:\\\/\\\/lokaalkassa.ee\\\/lv\\\/#\\\/schema\\\/logo\\\/image\\\/\",\"url\":\"https:\\\/\\\/lokaalkassa.ee\\\/wp-content\\\/uploads\\\/2024\\\/01\\\/Nimetu-kujundus-12.png\",\"contentUrl\":\"https:\\\/\\\/lokaalkassa.ee\\\/wp-content\\\/uploads\\\/2024\\\/01\\\/Nimetu-kujundus-12.png\",\"width\":1000,\"height\":400,\"caption\":\"Lokaal Kassa\"},\"image\":{\"@id\":\"https:\\\/\\\/lokaalkassa.ee\\\/lv\\\/#\\\/schema\\\/logo\\\/image\\\/\"},\"sameAs\":[\"https:\\\/\\\/www.facebook.com\\\/lokaalkassa\"]}]}<\/script>\n<!-- \/ Yoast SEO plugin. -->","yoast_head_json":{"title":"Reglaments - Lokaal Kassa","robots":{"index":"index","follow":"follow","max-snippet":"max-snippet:-1","max-image-preview":"max-image-preview:large","max-video-preview":"max-video-preview:-1"},"canonical":"https:\/\/lokaalkassa.ee\/lv\/reglaments\/","og_locale":"lv_LV","og_type":"article","og_title":"Reglaments - Lokaal Kassa","og_description":"reglaments M\u0113s piekr\u012btam, ka, viesojoties pie mums, j\u016bs iev\u0113rosiet m\u016bsu m\u0101jas noteikumus. T\u0101d\u0113j\u0101di m\u0113s visi kop\u0101 var\u0113sim jautri pavad\u012bt laiku. Viet\u0113j\u0101 Kassa ir pieejama cilv\u0113kiem vecum\u0101 no 25 gadiem, viet\u0113jai pa\u0161vald\u012bbai ir ties\u012bbas main\u012bt vecuma ierobe\u017eojumu. Iece\u013cojot j\u0101uzr\u0101da der\u012bgs dokuments (autovad\u012bt\u0101ja apliec\u012bba, ID karte, pase). Ja dokuments netiek uzr\u0101d\u012bts, administratoram ir ties\u012bbas liegt iece\u013co\u0161anu. Ja [&hellip;]","og_url":"https:\/\/lokaalkassa.ee\/lv\/reglaments\/","og_site_name":"Lokaal Kassa","article_publisher":"https:\/\/www.facebook.com\/lokaalkassa","article_modified_time":"2025-03-28T09:24:22+00:00","twitter_card":"summary_large_image","twitter_misc":{"Est. reading time":"3 minutes"},"schema":{"@context":"https:\/\/schema.org","@graph":[{"@type":"WebPage","@id":"https:\/\/lokaalkassa.ee\/lv\/reglaments\/","url":"https:\/\/lokaalkassa.ee\/lv\/reglaments\/","name":"Reglaments - Lokaal Kassa","isPartOf":{"@id":"https:\/\/lokaalkassa.ee\/lv\/#website"},"datePublished":"2024-05-22T09:17:15+00:00","dateModified":"2025-03-28T09:24:22+00:00","breadcrumb":{"@id":"https:\/\/lokaalkassa.ee\/lv\/reglaments\/#breadcrumb"},"inLanguage":"lv-LV","potentialAction":[{"@type":"ReadAction","target":["https:\/\/lokaalkassa.ee\/lv\/reglaments\/"]}]},{"@type":"BreadcrumbList","@id":"https:\/\/lokaalkassa.ee\/lv\/reglaments\/#breadcrumb","itemListElement":[{"@type":"ListItem","position":1,"name":"Home","item":"https:\/\/lokaalkassa.ee\/lv\/sakumlapa\/"},{"@type":"ListItem","position":2,"name":"Reglaments"}]},{"@type":"WebSite","@id":"https:\/\/lokaalkassa.ee\/lv\/#website","url":"https:\/\/lokaalkassa.ee\/lv\/","name":"lokaalkassa.ee","description":"Lokaal Kassa on P&auml;rnu s&uuml;dames asuv lokaal, mis pakub kvaliteetset meelelahutust &otilde;htu- ning &ouml;&ouml;tundidesse.","publisher":{"@id":"https:\/\/lokaalkassa.ee\/lv\/#organization"},"potentialAction":[{"@type":"SearchAction","target":{"@type":"EntryPoint","urlTemplate":"https:\/\/lokaalkassa.ee\/lv\/?s={search_term_string}"},"query-input":{"@type":"PropertyValueSpecification","valueRequired":true,"valueName":"search_term_string"}}],"inLanguage":"lv-LV"},{"@type":"Organization","@id":"https:\/\/lokaalkassa.ee\/lv\/#organization","name":"Lokaal Kassa","url":"https:\/\/lokaalkassa.ee\/lv\/","logo":{"@type":"ImageObject","inLanguage":"lv-LV","@id":"https:\/\/lokaalkassa.ee\/lv\/#\/schema\/logo\/image\/","url":"https:\/\/lokaalkassa.ee\/wp-content\/uploads\/2024\/01\/Nimetu-kujundus-12.png","contentUrl":"https:\/\/lokaalkassa.ee\/wp-content\/uploads\/2024\/01\/Nimetu-kujundus-12.png","width":1000,"height":400,"caption":"Lokaal Kassa"},"image":{"@id":"https:\/\/lokaalkassa.ee\/lv\/#\/schema\/logo\/image\/"},"sameAs":["https:\/\/www.facebook.com\/lokaalkassa"]}]}},"_links":{"self":[{"href":"https:\/\/lokaalkassa.ee\/lv\/wp-json\/wp\/v2\/pages\/1783","targetHints":{"allow":["GET"]}}],"collection":[{"href":"https:\/\/lokaalkassa.ee\/lv\/wp-json\/wp\/v2\/pages"}],"about":[{"href":"https:\/\/lokaalkassa.ee\/lv\/wp-json\/wp\/v2\/types\/page"}],"author":[{"embeddable":true,"href":"https:\/\/lokaalkassa.ee\/lv\/wp-json\/wp\/v2\/users\/1"}],"replies":[{"embeddable":true,"href":"https:\/\/lokaalkassa.ee\/lv\/wp-json\/wp\/v2\/comments?post=1783"}],"version-history":[{"count":1,"href":"https:\/\/lokaalkassa.ee\/lv\/wp-json\/wp\/v2\/pages\/1783\/revisions"}],"predecessor-version":[{"id":1784,"href":"https:\/\/lokaalkassa.ee\/lv\/wp-json\/wp\/v2\/pages\/1783\/revisions\/1784"}],"wp:attachment":[{"href":"https:\/\/lokaalkassa.ee\/lv\/wp-json\/wp\/v2\/media?parent=1783"}],"curies":[{"name":"wp","href":"https:\/\/api.w.org\/{rel}","templated":true}]}}