{"id":1775,"date":"2020-05-07T07:10:55","date_gmt":"2020-05-07T04:10:55","guid":{"rendered":"https:\/\/lokaalkassa.ee\/shema\/"},"modified":"2025-09-17T12:57:12","modified_gmt":"2025-09-17T09:57:12","slug":"shema","status":"publish","type":"page","link":"https:\/\/lokaalkassa.ee\/lv\/shema\/","title":{"rendered":"Sh\u0113ma"},"content":{"rendered":"\t\t<div data-elementor-type=\"wp-page\" data-elementor-id=\"1775\" class=\"elementor elementor-1775 elementor-16\">\n\t\t\t\t<div class=\"elementor-element elementor-element-b61db49 e-flex e-con-boxed e-con e-parent\" data-id=\"b61db49\" data-element_type=\"container\" data-e-type=\"container\">\n\t\t\t\t\t<div class=\"e-con-inner\">\n\t\t<div class=\"elementor-element elementor-element-b3bae32 e-con-full e-flex e-con e-child\" data-id=\"b3bae32\" data-element_type=\"container\" data-e-type=\"container\">\n\t\t<div class=\"elementor-element elementor-element-79b07ff e-flex e-con-boxed e-con e-child\" data-id=\"79b07ff\" data-element_type=\"container\" data-e-type=\"container\">\n\t\t\t\t\t<div class=\"e-con-inner\">\n\t\t\t\t<div class=\"elementor-element elementor-element-bf7fdeb elementor-widget elementor-widget-heading\" data-id=\"bf7fdeb\" data-element_type=\"widget\" data-e-type=\"widget\" data-widget_type=\"heading.default\">\n\t\t\t\t<div class=\"elementor-widget-container\">\n\t\t\t\t\t<h1 class=\"elementor-heading-title elementor-size-default\">ned\u0113\u013cas pl\u0101ns<\/h1>\t\t\t\t<\/div>\n\t\t\t\t<\/div>\n\t\t\t\t<div class=\"elementor-element elementor-element-2a630c4 elementor-widget elementor-widget-image\" data-id=\"2a630c4\" data-element_type=\"widget\" data-e-type=\"widget\" data-widget_type=\"image.default\">\n\t\t\t\t<div class=\"elementor-widget-container\">\n\t\t\t\t\t\t\t\t\t\t\t\t\t\t\t<img fetchpriority=\"high\" decoding=\"async\" width=\"819\" height=\"1024\" src=\"https:\/\/lokaalkassa.ee\/wp-content\/uploads\/2025\/09\/19.09-20.09-819x1024.png\" class=\"attachment-large size-large wp-image-2207\" alt=\"\" srcset=\"https:\/\/lokaalkassa.ee\/wp-content\/uploads\/2025\/09\/19.09-20.09-819x1024.png 819w, https:\/\/lokaalkassa.ee\/wp-content\/uploads\/2025\/09\/19.09-20.09-240x300.png 240w, https:\/\/lokaalkassa.ee\/wp-content\/uploads\/2025\/09\/19.09-20.09-768x960.png 768w, https:\/\/lokaalkassa.ee\/wp-content\/uploads\/2025\/09\/19.09-20.09.png 1080w\" sizes=\"(max-width: 819px) 100vw, 819px\" \/>\t\t\t\t\t\t\t\t\t\t\t\t\t\t\t<\/div>\n\t\t\t\t<\/div>\n\t\t\t\t\t<\/div>\n\t\t\t\t<\/div>\n\t\t\t\t<\/div>\n\t\t\t\t\t<\/div>\n\t\t\t\t<\/div>\n\t\t\t\t<\/div>\n\t\t","protected":false},"excerpt":{"rendered":"<p>ned\u0113\u013cas pl\u0101ns<\/p>\n","protected":false},"author":2,"featured_media":0,"parent":0,"menu_order":0,"comment_status":"closed","ping_status":"closed","template":"","meta":{"site-sidebar-layout":"no-sidebar","site-content-layout":"page-builder","ast-site-content-layout":"full-width-container","site-content-style":"unboxed","site-sidebar-style":"unboxed","ast-global-header-display":"","ast-banner-title-visibility":"","ast-main-header-display":"","ast-hfb-above-header-display":"","ast-hfb-below-header-display":"","ast-hfb-mobile-header-display":"","site-post-title":"disabled","ast-breadcrumbs-content":"disabled","ast-featured-img":"disabled","footer-sml-layout":"","ast-disable-related-posts":"","theme-transparent-header-meta":"enabled","adv-header-id-meta":"","stick-header-meta":"","header-above-stick-meta":"","header-main-stick-meta":"","header-below-stick-meta":"","astra-migrate-meta-layouts":"default","ast-page-background-enabled":"default","ast-page-background-meta":{"desktop":{"background-color":"","background-image":"","background-repeat":"repeat","background-position":"center center","background-size":"auto","background-attachment":"scroll","background-type":"","background-media":"","overlay-type":"","overlay-color":"","overlay-opacity":"","overlay-gradient":""},"tablet":{"background-color":"","background-image":"","background-repeat":"repeat","background-position":"center center","background-size":"auto","background-attachment":"scroll","background-type":"","background-media":"","overlay-type":"","overlay-color":"","overlay-opacity":"","overlay-gradient":""},"mobile":{"background-color":"","background-image":"","background-repeat":"repeat","background-position":"center center","background-size":"auto","background-attachment":"scroll","background-type":"","background-media":"","overlay-type":"","overlay-color":"","overlay-opacity":"","overlay-gradient":""}},"ast-content-background-meta":{"desktop":{"background-color":"var(--ast-global-color-5)","background-image":"","background-repeat":"repeat","background-position":"center center","background-size":"auto","background-attachment":"scroll","background-type":"","background-media":"","overlay-type":"","overlay-color":"","overlay-opacity":"","overlay-gradient":""},"tablet":{"background-color":"var(--ast-global-color-5)","background-image":"","background-repeat":"repeat","background-position":"center center","background-size":"auto","background-attachment":"scroll","background-type":"","background-media":"","overlay-type":"","overlay-color":"","overlay-opacity":"","overlay-gradient":""},"mobile":{"background-color":"var(--ast-global-color-5)","background-image":"","background-repeat":"repeat","background-position":"center center","background-size":"auto","background-attachment":"scroll","background-type":"","background-media":"","overlay-type":"","overlay-color":"","overlay-opacity":"","overlay-gradient":""}},"footnotes":""},"class_list":["post-1775","page","type-page","status-publish","hentry"],"yoast_head":"<!-- This site is optimized with the Yoast SEO plugin v27.5 - https:\/\/yoast.com\/product\/yoast-seo-wordpress\/ -->\n<title>Sh\u0113ma - Lokaal Kassa<\/title>\n<meta name=\"robots\" content=\"index, follow, max-snippet:-1, max-image-preview:large, max-video-preview:-1\" \/>\n<link rel=\"canonical\" href=\"https:\/\/lokaalkassa.ee\/lv\/shema\/\" \/>\n<meta property=\"og:locale\" content=\"lv_LV\" \/>\n<meta property=\"og:type\" content=\"article\" \/>\n<meta property=\"og:title\" content=\"Sh\u0113ma - Lokaal Kassa\" \/>\n<meta property=\"og:description\" content=\"ned\u0113\u013cas pl\u0101ns\" \/>\n<meta property=\"og:url\" content=\"https:\/\/lokaalkassa.ee\/lv\/shema\/\" \/>\n<meta property=\"og:site_name\" content=\"Lokaal Kassa\" \/>\n<meta property=\"article:publisher\" content=\"https:\/\/www.facebook.com\/lokaalkassa\" \/>\n<meta property=\"article:modified_time\" content=\"2025-09-17T09:57:12+00:00\" \/>\n<meta property=\"og:image\" content=\"https:\/\/lokaalkassa.ee\/wp-content\/uploads\/2025\/09\/19.09-20.09.png\" \/>\n\t<meta property=\"og:image:width\" content=\"1080\" \/>\n\t<meta property=\"og:image:height\" content=\"1350\" \/>\n\t<meta property=\"og:image:type\" content=\"image\/png\" \/>\n<meta name=\"twitter:card\" content=\"summary_large_image\" \/>\n<script type=\"application\/ld+json\" class=\"yoast-schema-graph\">{\"@context\":\"https:\\\/\\\/schema.org\",\"@graph\":[{\"@type\":\"WebPage\",\"@id\":\"https:\\\/\\\/lokaalkassa.ee\\\/lv\\\/shema\\\/\",\"url\":\"https:\\\/\\\/lokaalkassa.ee\\\/lv\\\/shema\\\/\",\"name\":\"Sh\u0113ma - Lokaal Kassa\",\"isPartOf\":{\"@id\":\"https:\\\/\\\/lokaalkassa.ee\\\/lv\\\/#website\"},\"primaryImageOfPage\":{\"@id\":\"https:\\\/\\\/lokaalkassa.ee\\\/lv\\\/shema\\\/#primaryimage\"},\"image\":{\"@id\":\"https:\\\/\\\/lokaalkassa.ee\\\/lv\\\/shema\\\/#primaryimage\"},\"thumbnailUrl\":\"https:\\\/\\\/lokaalkassa.ee\\\/wp-content\\\/uploads\\\/2025\\\/09\\\/19.09-20.09-819x1024.png\",\"datePublished\":\"2020-05-07T04:10:55+00:00\",\"dateModified\":\"2025-09-17T09:57:12+00:00\",\"breadcrumb\":{\"@id\":\"https:\\\/\\\/lokaalkassa.ee\\\/lv\\\/shema\\\/#breadcrumb\"},\"inLanguage\":\"lv-LV\",\"potentialAction\":[{\"@type\":\"ReadAction\",\"target\":[\"https:\\\/\\\/lokaalkassa.ee\\\/lv\\\/shema\\\/\"]}]},{\"@type\":\"ImageObject\",\"inLanguage\":\"lv-LV\",\"@id\":\"https:\\\/\\\/lokaalkassa.ee\\\/lv\\\/shema\\\/#primaryimage\",\"url\":\"https:\\\/\\\/lokaalkassa.ee\\\/wp-content\\\/uploads\\\/2025\\\/09\\\/19.09-20.09-819x1024.png\",\"contentUrl\":\"https:\\\/\\\/lokaalkassa.ee\\\/wp-content\\\/uploads\\\/2025\\\/09\\\/19.09-20.09-819x1024.png\"},{\"@type\":\"BreadcrumbList\",\"@id\":\"https:\\\/\\\/lokaalkassa.ee\\\/lv\\\/shema\\\/#breadcrumb\",\"itemListElement\":[{\"@type\":\"ListItem\",\"position\":1,\"name\":\"Home\",\"item\":\"https:\\\/\\\/lokaalkassa.ee\\\/lv\\\/sakumlapa\\\/\"},{\"@type\":\"ListItem\",\"position\":2,\"name\":\"Sh\u0113ma\"}]},{\"@type\":\"WebSite\",\"@id\":\"https:\\\/\\\/lokaalkassa.ee\\\/lv\\\/#website\",\"url\":\"https:\\\/\\\/lokaalkassa.ee\\\/lv\\\/\",\"name\":\"lokaalkassa.ee\",\"description\":\"Lokaal Kassa on P&auml;rnu s&uuml;dames asuv lokaal, mis pakub kvaliteetset meelelahutust &otilde;htu- ning &ouml;&ouml;tundidesse.\",\"publisher\":{\"@id\":\"https:\\\/\\\/lokaalkassa.ee\\\/lv\\\/#organization\"},\"potentialAction\":[{\"@type\":\"SearchAction\",\"target\":{\"@type\":\"EntryPoint\",\"urlTemplate\":\"https:\\\/\\\/lokaalkassa.ee\\\/lv\\\/?s={search_term_string}\"},\"query-input\":{\"@type\":\"PropertyValueSpecification\",\"valueRequired\":true,\"valueName\":\"search_term_string\"}}],\"inLanguage\":\"lv-LV\"},{\"@type\":\"Organization\",\"@id\":\"https:\\\/\\\/lokaalkassa.ee\\\/lv\\\/#organization\",\"name\":\"Lokaal Kassa\",\"url\":\"https:\\\/\\\/lokaalkassa.ee\\\/lv\\\/\",\"logo\":{\"@type\":\"ImageObject\",\"inLanguage\":\"lv-LV\",\"@id\":\"https:\\\/\\\/lokaalkassa.ee\\\/lv\\\/#\\\/schema\\\/logo\\\/image\\\/\",\"url\":\"https:\\\/\\\/lokaalkassa.ee\\\/wp-content\\\/uploads\\\/2024\\\/01\\\/Nimetu-kujundus-12.png\",\"contentUrl\":\"https:\\\/\\\/lokaalkassa.ee\\\/wp-content\\\/uploads\\\/2024\\\/01\\\/Nimetu-kujundus-12.png\",\"width\":1000,\"height\":400,\"caption\":\"Lokaal Kassa\"},\"image\":{\"@id\":\"https:\\\/\\\/lokaalkassa.ee\\\/lv\\\/#\\\/schema\\\/logo\\\/image\\\/\"},\"sameAs\":[\"https:\\\/\\\/www.facebook.com\\\/lokaalkassa\"]}]}<\/script>\n<!-- \/ Yoast SEO plugin. -->","yoast_head_json":{"title":"Sh\u0113ma - Lokaal Kassa","robots":{"index":"index","follow":"follow","max-snippet":"max-snippet:-1","max-image-preview":"max-image-preview:large","max-video-preview":"max-video-preview:-1"},"canonical":"https:\/\/lokaalkassa.ee\/lv\/shema\/","og_locale":"lv_LV","og_type":"article","og_title":"Sh\u0113ma - Lokaal Kassa","og_description":"ned\u0113\u013cas pl\u0101ns","og_url":"https:\/\/lokaalkassa.ee\/lv\/shema\/","og_site_name":"Lokaal Kassa","article_publisher":"https:\/\/www.facebook.com\/lokaalkassa","article_modified_time":"2025-09-17T09:57:12+00:00","og_image":[{"width":1080,"height":1350,"url":"https:\/\/lokaalkassa.ee\/wp-content\/uploads\/2025\/09\/19.09-20.09.png","type":"image\/png"}],"twitter_card":"summary_large_image","schema":{"@context":"https:\/\/schema.org","@graph":[{"@type":"WebPage","@id":"https:\/\/lokaalkassa.ee\/lv\/shema\/","url":"https:\/\/lokaalkassa.ee\/lv\/shema\/","name":"Sh\u0113ma - Lokaal Kassa","isPartOf":{"@id":"https:\/\/lokaalkassa.ee\/lv\/#website"},"primaryImageOfPage":{"@id":"https:\/\/lokaalkassa.ee\/lv\/shema\/#primaryimage"},"image":{"@id":"https:\/\/lokaalkassa.ee\/lv\/shema\/#primaryimage"},"thumbnailUrl":"https:\/\/lokaalkassa.ee\/wp-content\/uploads\/2025\/09\/19.09-20.09-819x1024.png","datePublished":"2020-05-07T04:10:55+00:00","dateModified":"2025-09-17T09:57:12+00:00","breadcrumb":{"@id":"https:\/\/lokaalkassa.ee\/lv\/shema\/#breadcrumb"},"inLanguage":"lv-LV","potentialAction":[{"@type":"ReadAction","target":["https:\/\/lokaalkassa.ee\/lv\/shema\/"]}]},{"@type":"ImageObject","inLanguage":"lv-LV","@id":"https:\/\/lokaalkassa.ee\/lv\/shema\/#primaryimage","url":"https:\/\/lokaalkassa.ee\/wp-content\/uploads\/2025\/09\/19.09-20.09-819x1024.png","contentUrl":"https:\/\/lokaalkassa.ee\/wp-content\/uploads\/2025\/09\/19.09-20.09-819x1024.png"},{"@type":"BreadcrumbList","@id":"https:\/\/lokaalkassa.ee\/lv\/shema\/#breadcrumb","itemListElement":[{"@type":"ListItem","position":1,"name":"Home","item":"https:\/\/lokaalkassa.ee\/lv\/sakumlapa\/"},{"@type":"ListItem","position":2,"name":"Sh\u0113ma"}]},{"@type":"WebSite","@id":"https:\/\/lokaalkassa.ee\/lv\/#website","url":"https:\/\/lokaalkassa.ee\/lv\/","name":"lokaalkassa.ee","description":"Lokaal Kassa on P&auml;rnu s&uuml;dames asuv lokaal, mis pakub kvaliteetset meelelahutust &otilde;htu- ning &ouml;&ouml;tundidesse.","publisher":{"@id":"https:\/\/lokaalkassa.ee\/lv\/#organization"},"potentialAction":[{"@type":"SearchAction","target":{"@type":"EntryPoint","urlTemplate":"https:\/\/lokaalkassa.ee\/lv\/?s={search_term_string}"},"query-input":{"@type":"PropertyValueSpecification","valueRequired":true,"valueName":"search_term_string"}}],"inLanguage":"lv-LV"},{"@type":"Organization","@id":"https:\/\/lokaalkassa.ee\/lv\/#organization","name":"Lokaal Kassa","url":"https:\/\/lokaalkassa.ee\/lv\/","logo":{"@type":"ImageObject","inLanguage":"lv-LV","@id":"https:\/\/lokaalkassa.ee\/lv\/#\/schema\/logo\/image\/","url":"https:\/\/lokaalkassa.ee\/wp-content\/uploads\/2024\/01\/Nimetu-kujundus-12.png","contentUrl":"https:\/\/lokaalkassa.ee\/wp-content\/uploads\/2024\/01\/Nimetu-kujundus-12.png","width":1000,"height":400,"caption":"Lokaal Kassa"},"image":{"@id":"https:\/\/lokaalkassa.ee\/lv\/#\/schema\/logo\/image\/"},"sameAs":["https:\/\/www.facebook.com\/lokaalkassa"]}]}},"_links":{"self":[{"href":"https:\/\/lokaalkassa.ee\/lv\/wp-json\/wp\/v2\/pages\/1775","targetHints":{"allow":["GET"]}}],"collection":[{"href":"https:\/\/lokaalkassa.ee\/lv\/wp-json\/wp\/v2\/pages"}],"about":[{"href":"https:\/\/lokaalkassa.ee\/lv\/wp-json\/wp\/v2\/types\/page"}],"author":[{"embeddable":true,"href":"https:\/\/lokaalkassa.ee\/lv\/wp-json\/wp\/v2\/users\/2"}],"replies":[{"embeddable":true,"href":"https:\/\/lokaalkassa.ee\/lv\/wp-json\/wp\/v2\/comments?post=1775"}],"version-history":[{"count":29,"href":"https:\/\/lokaalkassa.ee\/lv\/wp-json\/wp\/v2\/pages\/1775\/revisions"}],"predecessor-version":[{"id":2213,"href":"https:\/\/lokaalkassa.ee\/lv\/wp-json\/wp\/v2\/pages\/1775\/revisions\/2213"}],"wp:attachment":[{"href":"https:\/\/lokaalkassa.ee\/lv\/wp-json\/wp\/v2\/media?parent=1775"}],"curies":[{"name":"wp","href":"https:\/\/api.w.org\/{rel}","templated":true}]}}