{"id":1780,"date":"2024-05-22T12:17:15","date_gmt":"2024-05-22T09:17:15","guid":{"rendered":"https:\/\/lokaalkassa.ee\/tyojarjestys\/"},"modified":"2025-04-24T15:26:10","modified_gmt":"2025-04-24T12:26:10","slug":"tyojarjestys","status":"publish","type":"page","link":"https:\/\/lokaalkassa.ee\/fi\/tyojarjestys\/","title":{"rendered":"Ty\u00f6j\u00e4rjestys"},"content":{"rendered":"\t\t<div data-elementor-type=\"wp-page\" data-elementor-id=\"1780\" class=\"elementor elementor-1780 elementor-1028\">\n\t\t\t\t<div class=\"elementor-element elementor-element-82a4834 e-flex e-con-boxed e-con e-parent\" data-id=\"82a4834\" data-element_type=\"container\" data-e-type=\"container\">\n\t\t\t\t\t<div class=\"e-con-inner\">\n\t\t\t\t\t<\/div>\n\t\t\t\t<\/div>\n\t\t<div class=\"elementor-element elementor-element-36d16ca e-flex e-con-boxed e-con e-parent\" data-id=\"36d16ca\" data-element_type=\"container\" data-e-type=\"container\">\n\t\t\t\t\t<div class=\"e-con-inner\">\n\t\t\t\t<div class=\"elementor-element elementor-element-c8e8456 elementor-widget elementor-widget-heading\" data-id=\"c8e8456\" data-element_type=\"widget\" data-e-type=\"widget\" data-widget_type=\"heading.default\">\n\t\t\t\t<div class=\"elementor-widget-container\">\n\t\t\t\t\t<h1 class=\"elementor-heading-title elementor-size-default\">J\u00e4rjestyss\u00e4\u00e4nn\u00f6t<\/h1>\t\t\t\t<\/div>\n\t\t\t\t<\/div>\n\t\t\t\t<div class=\"elementor-element elementor-element-0ead6d5 elementor-widget-divider--view-line elementor-widget elementor-widget-divider\" data-id=\"0ead6d5\" data-element_type=\"widget\" data-e-type=\"widget\" data-widget_type=\"divider.default\">\n\t\t\t\t<div class=\"elementor-widget-container\">\n\t\t\t\t\t\t\t<div class=\"elementor-divider\">\n\t\t\t<span class=\"elementor-divider-separator\">\n\t\t\t\t\t\t<\/span>\n\t\t<\/div>\n\t\t\t\t\t\t<\/div>\n\t\t\t\t<\/div>\n\t\t\t\t<div class=\"elementor-element elementor-element-2c15c7c elementor-widget elementor-widget-text-editor\" data-id=\"2c15c7c\" data-element_type=\"widget\" data-e-type=\"widget\" data-widget_type=\"text-editor.default\">\n\t\t\t\t<div class=\"elementor-widget-container\">\n\t\t\t\t\t\t\t\t\t<p>Astumalla sis\u00e4\u00e4n hyv\u00e4ksyt talon s\u00e4\u00e4nn\u00f6t \u2013 n\u00e4in takaamme kaikille mukavan ja huolettoman illan.  <\/p>\t\t\t\t\t\t\t\t<\/div>\n\t\t\t\t<\/div>\n\t\t\t\t<div class=\"elementor-element elementor-element-2c1d6a2 elementor-widget elementor-widget-text-editor\" data-id=\"2c1d6a2\" data-element_type=\"widget\" data-e-type=\"widget\" data-widget_type=\"text-editor.default\">\n\t\t\t\t<div class=\"elementor-widget-container\">\n\t\t\t\t\t\t\t\t\t<ul><li>Tervetuloa, kun olet v\u00e4hint\u00e4\u00e4n 25-vuotias. Varaamme oikeuden muuttaa ik\u00e4rajaa tarvittaessa. <\/li><li>Sis\u00e4\u00e4n tullessasi esit\u00e4 voimassa oleva henkil\u00f6llisyystodistus (ajokortti, henkil\u00f6kortti tai passi). Ilman sit\u00e4 emme voi p\u00e4\u00e4st\u00e4\u00e4 sis\u00e4\u00e4n. <\/li><li>Lippu on voimassa vain kertak\u00e4ytt\u00f6\u00f6n. Jos poistut, samaa lippua ei voi k\u00e4ytt\u00e4\u00e4 uudelleen.<\/li><li>Pukeudu siististi. Urheiluvaatteet, hupparit ja lippikset eiv\u00e4t kuulu asiaan \u2013 voimme kielt\u00e4yty\u00e4 p\u00e4\u00e4st\u00e4m\u00e4st\u00e4 sis\u00e4\u00e4n asun perusteella. <\/li><li>Ulkotakit ja -vaatteet tulee j\u00e4tt\u00e4\u00e4 narikkaan \u2013 niiss\u00e4 ei saa oleskella sis\u00e4tiloissa.<\/li><li>Emme vastaa takkien taskuihin j\u00e4tetyist\u00e4 tavaroista.<\/li><li>Narikkaan ei oteta vastaan k\u00e4silaukkuja tai suuria laukkuja.<\/li><li>Emme p\u00e4\u00e4st\u00e4 sis\u00e4\u00e4n henkil\u00f6it\u00e4, jotka ovat selv\u00e4sti p\u00e4ihtyneit\u00e4, huumausaineiden vaikutuksen alaisia tai k\u00e4ytt\u00e4ytyv\u00e4t h\u00e4iritsev\u00e4sti muita asiakkaita tai henkil\u00f6kuntaa kohtaan. Varaamme oikeuden kielt\u00e4yty\u00e4 sis\u00e4\u00e4np\u00e4\u00e4syst\u00e4 tai poistaa henkil\u00f6n paikalta ilman lipun hinnan palautusta.  <\/li><li>\u00c4l\u00e4 tuo mukanasi omia alkoholijuomia, muita juomia tai ev\u00e4it\u00e4.<\/li><li>Aseet ja muut vaaralliset esineet \u2013 mukaan lukien ammukset, r\u00e4j\u00e4hteet, syttyv\u00e4t aineet, myrkyt ja radioaktiiviset materiaalit \u2013 ovat ehdottomasti kiellettyj\u00e4.<\/li><li>Kaikkien asiakkaiden tulee noudattaa henkil\u00f6kunnan ohjeita. Jos kielt\u00e4ydyt yhteisty\u00f6st\u00e4, sinut voidaan poistaa ja vakavammissa tapauksissa asettaa porttikieltoon.<\/li><li>El\u00e4imet eiv\u00e4t ole sallittuja sis\u00e4tiloissa.<\/li><li>Emme vastaa valvomatta j\u00e4tetyist\u00e4 tavaroista.<\/li><li>Valokuvaus ja videointi on sallittu vain, jos siihen on saatu erillinen lupa johdolta.<\/li><li>Tarkista vaihtorahasi heti tiskill\u00e4. Emme k\u00e4sittele rahaan liittyvi\u00e4 valituksia j\u00e4lkik\u00e4teen.<\/li><li>K\u00e4sittele kalusteita ja muuta omaisuuttamme huolellisesti. Vahingoista perit\u00e4\u00e4n korvaus hinnaston tai sopimuksen mukaan. Rikkoutuneesta lasista veloitamme 5 \u20ac.<\/li><li>Narikkalapun katoamisesta veloitamme 6 \u20ac sakon.<\/li><li>S\u00e4\u00e4nt\u00f6jen rikkomisesta voi seurata poistaminen tiloista \u2013 t\u00e4ll\u00f6in lippurahaa ei palauteta.<br><br> <\/li><li>Tupakointi, mukaan lukien s\u00e4hk\u00f6tupakka, on sallittu vain siihen merkityill\u00e4 ja selke\u00e4sti osoitetuilla alueilla.<\/li><li>Varaamme oikeuden valita asiakkaamme ja kielt\u00e4yty\u00e4 sis\u00e4\u00e4np\u00e4\u00e4syst\u00e4 omien linjaustemme mukaan.<\/li><li>Jos sinulla on palautetta henkil\u00f6kunnasta tai palvelusta, voit l\u00e4hett\u00e4\u00e4 sen osoitteeseen <a href=\"mailto:info@lokaalkassa.ee\" target=\"_blank\" rel=\"noopener\">nfo@lokaalkassa.ee.<\/a><\/li><li>Juomarahat ovat t\u00e4ysin sallittuja ja eritt\u00e4in tervetulleita.<\/li><li>Jos unohdat tai kadotat jotain, voit sopia noudosta aukioloaikoina tai erikseen sovittuna aikana.<\/li><li>Turvallisuuden takaamiseksi tiloissamme on videovalvonta.<\/li><li>Varaamme oikeuden muuttaa tai p\u00e4ivitt\u00e4\u00e4 n\u00e4it\u00e4 s\u00e4\u00e4nt\u00f6j\u00e4 milloin tahansa.<\/li><\/ul>\t\t\t\t\t\t\t\t<\/div>\n\t\t\t\t<\/div>\n\t\t\t\t<div class=\"elementor-element elementor-element-67ab72c elementor-align-center elementor-widget elementor-widget-button\" data-id=\"67ab72c\" data-element_type=\"widget\" data-e-type=\"widget\" data-widget_type=\"button.default\">\n\t\t\t\t<div class=\"elementor-widget-container\">\n\t\t\t\t\t\t\t\t\t<div class=\"elementor-button-wrapper\">\n\t\t\t\t\t<a class=\"elementor-button elementor-button-link elementor-size-sm\" href=\"https:\/\/lokaalkassa.ee\/fi\/jarjestelma\/\">\n\t\t\t\t\t\t<span class=\"elementor-button-content-wrapper\">\n\t\t\t\t\t\t\t\t\t<span class=\"elementor-button-text\">Tulossa juhliin!  <\/span>\n\t\t\t\t\t<\/span>\n\t\t\t\t\t<\/a>\n\t\t\t\t<\/div>\n\t\t\t\t\t\t\t\t<\/div>\n\t\t\t\t<\/div>\n\t\t\t\t\t<\/div>\n\t\t\t\t<\/div>\n\t\t\t\t<\/div>\n\t\t","protected":false},"excerpt":{"rendered":"<p>J\u00e4rjestyss\u00e4\u00e4nn\u00f6t Astumalla sis\u00e4\u00e4n hyv\u00e4ksyt talon s\u00e4\u00e4nn\u00f6t \u2013 n\u00e4in takaamme kaikille mukavan ja huolettoman illan. Tervetuloa, kun olet v\u00e4hint\u00e4\u00e4n 25-vuotias. Varaamme oikeuden muuttaa ik\u00e4rajaa tarvittaessa. Sis\u00e4\u00e4n tullessasi esit\u00e4 voimassa oleva henkil\u00f6llisyystodistus (ajokortti, henkil\u00f6kortti tai passi). Ilman sit\u00e4 emme voi p\u00e4\u00e4st\u00e4\u00e4 sis\u00e4\u00e4n. Lippu on voimassa vain kertak\u00e4ytt\u00f6\u00f6n. Jos poistut, samaa lippua ei voi k\u00e4ytt\u00e4\u00e4 uudelleen. Pukeudu siististi. [&hellip;]<\/p>\n","protected":false},"author":1,"featured_media":0,"parent":0,"menu_order":0,"comment_status":"closed","ping_status":"closed","template":"","meta":{"site-sidebar-layout":"no-sidebar","site-content-layout":"page-builder","ast-site-content-layout":"default","site-content-style":"default","site-sidebar-style":"default","ast-global-header-display":"","ast-banner-title-visibility":"","ast-main-header-display":"","ast-hfb-above-header-display":"","ast-hfb-below-header-display":"","ast-hfb-mobile-header-display":"","site-post-title":"disabled","ast-breadcrumbs-content":"disabled","ast-featured-img":"disabled","footer-sml-layout":"","ast-disable-related-posts":"","theme-transparent-header-meta":"enabled","adv-header-id-meta":"","stick-header-meta":"","header-above-stick-meta":"","header-main-stick-meta":"","header-below-stick-meta":"","astra-migrate-meta-layouts":"default","ast-page-background-enabled":"default","ast-page-background-meta":{"desktop":{"background-color":"","background-image":"","background-repeat":"repeat","background-position":"center center","background-size":"auto","background-attachment":"scroll","background-type":"","background-media":"","overlay-type":"","overlay-color":"","overlay-opacity":"","overlay-gradient":""},"tablet":{"background-color":"","background-image":"","background-repeat":"repeat","background-position":"center center","background-size":"auto","background-attachment":"scroll","background-type":"","background-media":"","overlay-type":"","overlay-color":"","overlay-opacity":"","overlay-gradient":""},"mobile":{"background-color":"","background-image":"","background-repeat":"repeat","background-position":"center center","background-size":"auto","background-attachment":"scroll","background-type":"","background-media":"","overlay-type":"","overlay-color":"","overlay-opacity":"","overlay-gradient":""}},"ast-content-background-meta":{"desktop":{"background-color":"var(--ast-global-color-5)","background-image":"","background-repeat":"repeat","background-position":"center center","background-size":"auto","background-attachment":"scroll","background-type":"","background-media":"","overlay-type":"","overlay-color":"","overlay-opacity":"","overlay-gradient":""},"tablet":{"background-color":"var(--ast-global-color-5)","background-image":"","background-repeat":"repeat","background-position":"center center","background-size":"auto","background-attachment":"scroll","background-type":"","background-media":"","overlay-type":"","overlay-color":"","overlay-opacity":"","overlay-gradient":""},"mobile":{"background-color":"var(--ast-global-color-5)","background-image":"","background-repeat":"repeat","background-position":"center center","background-size":"auto","background-attachment":"scroll","background-type":"","background-media":"","overlay-type":"","overlay-color":"","overlay-opacity":"","overlay-gradient":""}},"footnotes":""},"class_list":["post-1780","page","type-page","status-publish","hentry"],"yoast_head":"<!-- This site is optimized with the Yoast SEO plugin v27.5 - https:\/\/yoast.com\/product\/yoast-seo-wordpress\/ -->\n<title>Ty\u00f6j\u00e4rjestys - Lokaal Kassa<\/title>\n<meta name=\"robots\" content=\"index, follow, max-snippet:-1, max-image-preview:large, max-video-preview:-1\" \/>\n<link rel=\"canonical\" href=\"https:\/\/lokaalkassa.ee\/fi\/tyojarjestys\/\" \/>\n<meta property=\"og:locale\" content=\"fi_FI\" \/>\n<meta property=\"og:type\" content=\"article\" \/>\n<meta property=\"og:title\" content=\"Ty\u00f6j\u00e4rjestys - Lokaal Kassa\" \/>\n<meta property=\"og:description\" content=\"J\u00e4rjestyss\u00e4\u00e4nn\u00f6t Astumalla sis\u00e4\u00e4n hyv\u00e4ksyt talon s\u00e4\u00e4nn\u00f6t \u2013 n\u00e4in takaamme kaikille mukavan ja huolettoman illan. Tervetuloa, kun olet v\u00e4hint\u00e4\u00e4n 25-vuotias. Varaamme oikeuden muuttaa ik\u00e4rajaa tarvittaessa. Sis\u00e4\u00e4n tullessasi esit\u00e4 voimassa oleva henkil\u00f6llisyystodistus (ajokortti, henkil\u00f6kortti tai passi). Ilman sit\u00e4 emme voi p\u00e4\u00e4st\u00e4\u00e4 sis\u00e4\u00e4n. Lippu on voimassa vain kertak\u00e4ytt\u00f6\u00f6n. Jos poistut, samaa lippua ei voi k\u00e4ytt\u00e4\u00e4 uudelleen. Pukeudu siististi. [&hellip;]\" \/>\n<meta property=\"og:url\" content=\"https:\/\/lokaalkassa.ee\/fi\/tyojarjestys\/\" \/>\n<meta property=\"og:site_name\" content=\"Lokaal Kassa\" \/>\n<meta property=\"article:publisher\" content=\"https:\/\/www.facebook.com\/lokaalkassa\" \/>\n<meta property=\"article:modified_time\" content=\"2025-04-24T12:26:10+00:00\" \/>\n<meta name=\"twitter:card\" content=\"summary_large_image\" \/>\n<meta name=\"twitter:label1\" content=\"Arvioitu lukuaika\" \/>\n\t<meta name=\"twitter:data1\" content=\"2 minuuttia\" \/>\n<script type=\"application\/ld+json\" class=\"yoast-schema-graph\">{\"@context\":\"https:\\\/\\\/schema.org\",\"@graph\":[{\"@type\":\"WebPage\",\"@id\":\"https:\\\/\\\/lokaalkassa.ee\\\/fi\\\/tyojarjestys\\\/\",\"url\":\"https:\\\/\\\/lokaalkassa.ee\\\/fi\\\/tyojarjestys\\\/\",\"name\":\"Ty\u00f6j\u00e4rjestys - Lokaal Kassa\",\"isPartOf\":{\"@id\":\"https:\\\/\\\/lokaalkassa.ee\\\/fi\\\/#website\"},\"datePublished\":\"2024-05-22T09:17:15+00:00\",\"dateModified\":\"2025-04-24T12:26:10+00:00\",\"breadcrumb\":{\"@id\":\"https:\\\/\\\/lokaalkassa.ee\\\/fi\\\/tyojarjestys\\\/#breadcrumb\"},\"inLanguage\":\"fi\",\"potentialAction\":[{\"@type\":\"ReadAction\",\"target\":[\"https:\\\/\\\/lokaalkassa.ee\\\/fi\\\/tyojarjestys\\\/\"]}]},{\"@type\":\"BreadcrumbList\",\"@id\":\"https:\\\/\\\/lokaalkassa.ee\\\/fi\\\/tyojarjestys\\\/#breadcrumb\",\"itemListElement\":[{\"@type\":\"ListItem\",\"position\":1,\"name\":\"Home\",\"item\":\"https:\\\/\\\/lokaalkassa.ee\\\/fi\\\/etisivy\\\/\"},{\"@type\":\"ListItem\",\"position\":2,\"name\":\"Ty\u00f6j\u00e4rjestys\"}]},{\"@type\":\"WebSite\",\"@id\":\"https:\\\/\\\/lokaalkassa.ee\\\/fi\\\/#website\",\"url\":\"https:\\\/\\\/lokaalkassa.ee\\\/fi\\\/\",\"name\":\"lokaalkassa.ee\",\"description\":\"Lokaal Kassa on P&auml;rnu s&uuml;dames asuv lokaal, mis pakub kvaliteetset meelelahutust &otilde;htu- ning &ouml;&ouml;tundidesse.\",\"publisher\":{\"@id\":\"https:\\\/\\\/lokaalkassa.ee\\\/fi\\\/#organization\"},\"potentialAction\":[{\"@type\":\"SearchAction\",\"target\":{\"@type\":\"EntryPoint\",\"urlTemplate\":\"https:\\\/\\\/lokaalkassa.ee\\\/fi\\\/?s={search_term_string}\"},\"query-input\":{\"@type\":\"PropertyValueSpecification\",\"valueRequired\":true,\"valueName\":\"search_term_string\"}}],\"inLanguage\":\"fi\"},{\"@type\":\"Organization\",\"@id\":\"https:\\\/\\\/lokaalkassa.ee\\\/fi\\\/#organization\",\"name\":\"Lokaal Kassa\",\"url\":\"https:\\\/\\\/lokaalkassa.ee\\\/fi\\\/\",\"logo\":{\"@type\":\"ImageObject\",\"inLanguage\":\"fi\",\"@id\":\"https:\\\/\\\/lokaalkassa.ee\\\/fi\\\/#\\\/schema\\\/logo\\\/image\\\/\",\"url\":\"https:\\\/\\\/lokaalkassa.ee\\\/wp-content\\\/uploads\\\/2024\\\/01\\\/Nimetu-kujundus-12.png\",\"contentUrl\":\"https:\\\/\\\/lokaalkassa.ee\\\/wp-content\\\/uploads\\\/2024\\\/01\\\/Nimetu-kujundus-12.png\",\"width\":1000,\"height\":400,\"caption\":\"Lokaal Kassa\"},\"image\":{\"@id\":\"https:\\\/\\\/lokaalkassa.ee\\\/fi\\\/#\\\/schema\\\/logo\\\/image\\\/\"},\"sameAs\":[\"https:\\\/\\\/www.facebook.com\\\/lokaalkassa\"]}]}<\/script>\n<!-- \/ Yoast SEO plugin. -->","yoast_head_json":{"title":"Ty\u00f6j\u00e4rjestys - Lokaal Kassa","robots":{"index":"index","follow":"follow","max-snippet":"max-snippet:-1","max-image-preview":"max-image-preview:large","max-video-preview":"max-video-preview:-1"},"canonical":"https:\/\/lokaalkassa.ee\/fi\/tyojarjestys\/","og_locale":"fi_FI","og_type":"article","og_title":"Ty\u00f6j\u00e4rjestys - Lokaal Kassa","og_description":"J\u00e4rjestyss\u00e4\u00e4nn\u00f6t Astumalla sis\u00e4\u00e4n hyv\u00e4ksyt talon s\u00e4\u00e4nn\u00f6t \u2013 n\u00e4in takaamme kaikille mukavan ja huolettoman illan. Tervetuloa, kun olet v\u00e4hint\u00e4\u00e4n 25-vuotias. Varaamme oikeuden muuttaa ik\u00e4rajaa tarvittaessa. Sis\u00e4\u00e4n tullessasi esit\u00e4 voimassa oleva henkil\u00f6llisyystodistus (ajokortti, henkil\u00f6kortti tai passi). Ilman sit\u00e4 emme voi p\u00e4\u00e4st\u00e4\u00e4 sis\u00e4\u00e4n. Lippu on voimassa vain kertak\u00e4ytt\u00f6\u00f6n. Jos poistut, samaa lippua ei voi k\u00e4ytt\u00e4\u00e4 uudelleen. Pukeudu siististi. [&hellip;]","og_url":"https:\/\/lokaalkassa.ee\/fi\/tyojarjestys\/","og_site_name":"Lokaal Kassa","article_publisher":"https:\/\/www.facebook.com\/lokaalkassa","article_modified_time":"2025-04-24T12:26:10+00:00","twitter_card":"summary_large_image","twitter_misc":{"Arvioitu lukuaika":"2 minuuttia"},"schema":{"@context":"https:\/\/schema.org","@graph":[{"@type":"WebPage","@id":"https:\/\/lokaalkassa.ee\/fi\/tyojarjestys\/","url":"https:\/\/lokaalkassa.ee\/fi\/tyojarjestys\/","name":"Ty\u00f6j\u00e4rjestys - Lokaal Kassa","isPartOf":{"@id":"https:\/\/lokaalkassa.ee\/fi\/#website"},"datePublished":"2024-05-22T09:17:15+00:00","dateModified":"2025-04-24T12:26:10+00:00","breadcrumb":{"@id":"https:\/\/lokaalkassa.ee\/fi\/tyojarjestys\/#breadcrumb"},"inLanguage":"fi","potentialAction":[{"@type":"ReadAction","target":["https:\/\/lokaalkassa.ee\/fi\/tyojarjestys\/"]}]},{"@type":"BreadcrumbList","@id":"https:\/\/lokaalkassa.ee\/fi\/tyojarjestys\/#breadcrumb","itemListElement":[{"@type":"ListItem","position":1,"name":"Home","item":"https:\/\/lokaalkassa.ee\/fi\/etisivy\/"},{"@type":"ListItem","position":2,"name":"Ty\u00f6j\u00e4rjestys"}]},{"@type":"WebSite","@id":"https:\/\/lokaalkassa.ee\/fi\/#website","url":"https:\/\/lokaalkassa.ee\/fi\/","name":"lokaalkassa.ee","description":"Lokaal Kassa on P&auml;rnu s&uuml;dames asuv lokaal, mis pakub kvaliteetset meelelahutust &otilde;htu- ning &ouml;&ouml;tundidesse.","publisher":{"@id":"https:\/\/lokaalkassa.ee\/fi\/#organization"},"potentialAction":[{"@type":"SearchAction","target":{"@type":"EntryPoint","urlTemplate":"https:\/\/lokaalkassa.ee\/fi\/?s={search_term_string}"},"query-input":{"@type":"PropertyValueSpecification","valueRequired":true,"valueName":"search_term_string"}}],"inLanguage":"fi"},{"@type":"Organization","@id":"https:\/\/lokaalkassa.ee\/fi\/#organization","name":"Lokaal Kassa","url":"https:\/\/lokaalkassa.ee\/fi\/","logo":{"@type":"ImageObject","inLanguage":"fi","@id":"https:\/\/lokaalkassa.ee\/fi\/#\/schema\/logo\/image\/","url":"https:\/\/lokaalkassa.ee\/wp-content\/uploads\/2024\/01\/Nimetu-kujundus-12.png","contentUrl":"https:\/\/lokaalkassa.ee\/wp-content\/uploads\/2024\/01\/Nimetu-kujundus-12.png","width":1000,"height":400,"caption":"Lokaal Kassa"},"image":{"@id":"https:\/\/lokaalkassa.ee\/fi\/#\/schema\/logo\/image\/"},"sameAs":["https:\/\/www.facebook.com\/lokaalkassa"]}]}},"_links":{"self":[{"href":"https:\/\/lokaalkassa.ee\/fi\/wp-json\/wp\/v2\/pages\/1780","targetHints":{"allow":["GET"]}}],"collection":[{"href":"https:\/\/lokaalkassa.ee\/fi\/wp-json\/wp\/v2\/pages"}],"about":[{"href":"https:\/\/lokaalkassa.ee\/fi\/wp-json\/wp\/v2\/types\/page"}],"author":[{"embeddable":true,"href":"https:\/\/lokaalkassa.ee\/fi\/wp-json\/wp\/v2\/users\/1"}],"replies":[{"embeddable":true,"href":"https:\/\/lokaalkassa.ee\/fi\/wp-json\/wp\/v2\/comments?post=1780"}],"version-history":[{"count":3,"href":"https:\/\/lokaalkassa.ee\/fi\/wp-json\/wp\/v2\/pages\/1780\/revisions"}],"predecessor-version":[{"id":1953,"href":"https:\/\/lokaalkassa.ee\/fi\/wp-json\/wp\/v2\/pages\/1780\/revisions\/1953"}],"wp:attachment":[{"href":"https:\/\/lokaalkassa.ee\/fi\/wp-json\/wp\/v2\/media?parent=1780"}],"curies":[{"name":"wp","href":"https:\/\/api.w.org\/{rel}","templated":true}]}}