{"id":1772,"date":"2020-05-07T07:14:55","date_gmt":"2020-05-07T04:14:55","guid":{"rendered":"https:\/\/lokaalkassa.ee\/koksikoulutus\/"},"modified":"2025-04-24T15:16:36","modified_gmt":"2025-04-24T12:16:36","slug":"koksikoulutus","status":"publish","type":"page","link":"https:\/\/lokaalkassa.ee\/fi\/koksikoulutus\/","title":{"rendered":"Koksikoulutus"},"content":{"rendered":"\t\t<div data-elementor-type=\"wp-page\" data-elementor-id=\"1772\" class=\"elementor elementor-1772 elementor-22\">\n\t\t\t\t<div class=\"elementor-element elementor-element-5fc3ac8 e-flex e-con-boxed e-con e-parent\" data-id=\"5fc3ac8\" data-element_type=\"container\" data-e-type=\"container\" data-settings=\"{&quot;background_background&quot;:&quot;classic&quot;,&quot;shape_divider_top&quot;:&quot;book&quot;,&quot;shape_divider_bottom&quot;:&quot;book&quot;}\">\n\t\t\t\t\t<div class=\"e-con-inner\">\n\t\t\t\t<div class=\"elementor-shape elementor-shape-top\" aria-hidden=\"true\" data-negative=\"false\">\n\t\t\t<svg xmlns=\"http:\/\/www.w3.org\/2000\/svg\" viewBox=\"0 0 1000 100\" preserveAspectRatio=\"none\">\n\t<path class=\"elementor-shape-fill\" d=\"M194,99c186.7,0.7,305-78.3,306-97.2c1,18.9,119.3,97.9,306,97.2c114.3-0.3,194,0.3,194,0.3s0-91.7,0-100c0,0,0,0,0-0 L0,0v99.3C0,99.3,79.7,98.7,194,99z\"\/>\n<\/svg>\t\t<\/div>\n\t\t\t\t<div class=\"elementor-shape elementor-shape-bottom\" aria-hidden=\"true\" data-negative=\"false\">\n\t\t\t<svg xmlns=\"http:\/\/www.w3.org\/2000\/svg\" viewBox=\"0 0 1000 100\" preserveAspectRatio=\"none\">\n\t<path class=\"elementor-shape-fill\" d=\"M194,99c186.7,0.7,305-78.3,306-97.2c1,18.9,119.3,97.9,306,97.2c114.3-0.3,194,0.3,194,0.3s0-91.7,0-100c0,0,0,0,0-0 L0,0v99.3C0,99.3,79.7,98.7,194,99z\"\/>\n<\/svg>\t\t<\/div>\n\t\t\t\t<div class=\"elementor-element elementor-element-2de21b5 elementor-widget elementor-widget-heading\" data-id=\"2de21b5\" data-element_type=\"widget\" data-e-type=\"widget\" data-widget_type=\"heading.default\">\n\t\t\t\t<div class=\"elementor-widget-container\">\n\t\t\t\t\t<h1 class=\"elementor-heading-title elementor-size-default\">Hauska ja viihdytt\u00e4v\u00e4 cocktail-koulutus<\/h1>\t\t\t\t<\/div>\n\t\t\t\t<\/div>\n\t\t\t\t\t<\/div>\n\t\t\t\t<\/div>\n\t\t<div class=\"elementor-element elementor-element-c0b438b e-flex e-con-boxed e-con e-parent\" data-id=\"c0b438b\" data-element_type=\"container\" data-e-type=\"container\">\n\t\t\t\t\t<div class=\"e-con-inner\">\n\t\t<div class=\"elementor-element elementor-element-87d546c e-con-full e-flex e-con e-child\" data-id=\"87d546c\" data-element_type=\"container\" data-e-type=\"container\">\n\t\t<div class=\"elementor-element elementor-element-f190e47 e-con-full e-flex e-con e-child\" data-id=\"f190e47\" data-element_type=\"container\" data-e-type=\"container\">\n\t\t<div class=\"elementor-element elementor-element-4bbf104 e-con-full e-flex e-con e-child\" data-id=\"4bbf104\" data-element_type=\"container\" data-e-type=\"container\">\n\t\t\t\t<div class=\"elementor-element elementor-element-d228acd elementor-widget elementor-widget-image\" data-id=\"d228acd\" data-element_type=\"widget\" data-e-type=\"widget\" data-widget_type=\"image.default\">\n\t\t\t\t<div class=\"elementor-widget-container\">\n\t\t\t\t\t\t\t\t\t\t\t\t\t\t\t<img fetchpriority=\"high\" decoding=\"async\" width=\"700\" height=\"700\" src=\"https:\/\/lokaalkassa.ee\/wp-content\/uploads\/2024\/09\/ruuduke.png\" class=\"attachment-full size-full wp-image-1554\" alt=\"\" srcset=\"https:\/\/lokaalkassa.ee\/wp-content\/uploads\/2024\/09\/ruuduke.png 700w, https:\/\/lokaalkassa.ee\/wp-content\/uploads\/2024\/09\/ruuduke-300x300.png 300w, https:\/\/lokaalkassa.ee\/wp-content\/uploads\/2024\/09\/ruuduke-150x150.png 150w\" sizes=\"(max-width: 700px) 100vw, 700px\" \/>\t\t\t\t\t\t\t\t\t\t\t\t\t\t\t<\/div>\n\t\t\t\t<\/div>\n\t\t\t\t<\/div>\n\t\t<div class=\"elementor-element elementor-element-d090e89 e-con-full e-flex e-con e-child\" data-id=\"d090e89\" data-element_type=\"container\" data-e-type=\"container\">\n\t\t\t\t<div class=\"elementor-element elementor-element-9865128 elementor-widget elementor-widget-heading\" data-id=\"9865128\" data-element_type=\"widget\" data-e-type=\"widget\" data-widget_type=\"heading.default\">\n\t\t\t\t<div class=\"elementor-widget-container\">\n\t\t\t\t\t<h3 class=\"elementor-heading-title elementor-size-default\">35 \u20ac \/ henkil\u00f6 \u2013 v\u00e4hint\u00e4\u00e4n 10 henkil\u00f6\u00e4<\/h3>\t\t\t\t<\/div>\n\t\t\t\t<\/div>\n\t\t\t\t<div class=\"elementor-element elementor-element-17d9c95 elementor-widget elementor-widget-text-editor\" data-id=\"17d9c95\" data-element_type=\"widget\" data-e-type=\"widget\" data-widget_type=\"text-editor.default\">\n\t\t\t\t<div class=\"elementor-widget-container\">\n\t\t\t\t\t\t\t\t\t<p>Tule mukaan rennolle cocktail-kurssille, jossa opit teoriatiedon lis\u00e4ksi my\u00f6s hauskoja faktoja ja p\u00e4\u00e4set heti itse tekem\u00e4\u00e4n drinkkej\u00e4. T\u00e4ydellinen ohjelmanumero syntt\u00e4reihin, polttareihin tai muuten vain kaveriporukan yhteiseen iltaan. Klassikkodrinkkien lis\u00e4ksi my\u00f6s mocktaileja!   <\/p><p><strong>Lis\u00e4tiedot ja varaukset:<\/strong> info@lokaalkassa.ee<\/p><p>HUOM! Tilaisuus sis\u00e4lt\u00e4\u00e4 alkoholia. Alkoholi voi vahingoittaa terveytt\u00e4si.  <\/p>\t\t\t\t\t\t\t\t<\/div>\n\t\t\t\t<\/div>\n\t\t\t\t<\/div>\n\t\t\t\t<\/div>\n\t\t<div class=\"elementor-element elementor-element-2eb843d e-con-full e-flex e-con e-child\" data-id=\"2eb843d\" data-element_type=\"container\" data-e-type=\"container\">\n\t\t<div class=\"elementor-element elementor-element-9f51cb8 e-con-full e-flex e-con e-child\" data-id=\"9f51cb8\" data-element_type=\"container\" data-e-type=\"container\">\n\t\t\t\t<div class=\"elementor-element elementor-element-b0e5259 elementor-arrows-position-outside elementor-pagination-position-outside elementor-widget elementor-widget-image-carousel\" data-id=\"b0e5259\" data-element_type=\"widget\" data-e-type=\"widget\" data-settings=\"{&quot;image_spacing_custom&quot;:{&quot;unit&quot;:&quot;px&quot;,&quot;size&quot;:11,&quot;sizes&quot;:[]},&quot;navigation&quot;:&quot;both&quot;,&quot;infinite&quot;:&quot;yes&quot;,&quot;speed&quot;:500,&quot;image_spacing_custom_tablet&quot;:{&quot;unit&quot;:&quot;px&quot;,&quot;size&quot;:&quot;&quot;,&quot;sizes&quot;:[]},&quot;image_spacing_custom_mobile&quot;:{&quot;unit&quot;:&quot;px&quot;,&quot;size&quot;:&quot;&quot;,&quot;sizes&quot;:[]}}\" data-widget_type=\"image-carousel.default\">\n\t\t\t\t<div class=\"elementor-widget-container\">\n\t\t\t\t\t\t\t<div class=\"elementor-image-carousel-wrapper swiper\" role=\"region\" aria-roledescription=\"carousel\" aria-label=\"Kuvakaruselli\" dir=\"ltr\">\n\t\t\t<div class=\"elementor-image-carousel swiper-wrapper\" aria-live=\"polite\">\n\t\t\t\t\t\t\t\t<div class=\"swiper-slide\" role=\"group\" aria-roledescription=\"slide\" aria-label=\"1 of 6\"><figure class=\"swiper-slide-inner\"><img decoding=\"async\" class=\"swiper-slide-image\" src=\"https:\/\/lokaalkassa.ee\/wp-content\/uploads\/2024\/09\/ruuduke6.png\" alt=\"ruuduke6\" \/><\/figure><\/div><div class=\"swiper-slide\" role=\"group\" aria-roledescription=\"slide\" aria-label=\"2 of 6\"><figure class=\"swiper-slide-inner\"><img decoding=\"async\" class=\"swiper-slide-image\" src=\"https:\/\/lokaalkassa.ee\/wp-content\/uploads\/2024\/09\/ruuduke3.png\" alt=\"ruuduke3\" \/><\/figure><\/div><div class=\"swiper-slide\" role=\"group\" aria-roledescription=\"slide\" aria-label=\"3 of 6\"><figure class=\"swiper-slide-inner\"><img decoding=\"async\" class=\"swiper-slide-image\" src=\"https:\/\/lokaalkassa.ee\/wp-content\/uploads\/2024\/09\/ruuduke2.png\" alt=\"ruuduke2\" \/><\/figure><\/div><div class=\"swiper-slide\" role=\"group\" aria-roledescription=\"slide\" aria-label=\"4 of 6\"><figure class=\"swiper-slide-inner\"><img decoding=\"async\" class=\"swiper-slide-image\" src=\"https:\/\/lokaalkassa.ee\/wp-content\/uploads\/2024\/09\/ruuduke5.png\" alt=\"ruuduke5\" \/><\/figure><\/div><div class=\"swiper-slide\" role=\"group\" aria-roledescription=\"slide\" aria-label=\"5 of 6\"><figure class=\"swiper-slide-inner\"><img decoding=\"async\" class=\"swiper-slide-image\" src=\"https:\/\/lokaalkassa.ee\/wp-content\/uploads\/2024\/09\/ruuduke.png\" alt=\"ruuduke\" \/><\/figure><\/div><div class=\"swiper-slide\" role=\"group\" aria-roledescription=\"slide\" aria-label=\"6 of 6\"><figure class=\"swiper-slide-inner\"><img decoding=\"async\" class=\"swiper-slide-image\" src=\"https:\/\/lokaalkassa.ee\/wp-content\/uploads\/2024\/09\/ruuduke6.png\" alt=\"ruuduke6\" \/><\/figure><\/div>\t\t\t<\/div>\n\t\t\t\t\t\t\t\t\t\t\t\t<div class=\"elementor-swiper-button elementor-swiper-button-prev\" role=\"button\" tabindex=\"0\">\n\t\t\t\t\t\t<svg aria-hidden=\"true\" class=\"e-font-icon-svg e-eicon-chevron-left\" viewBox=\"0 0 1000 1000\" xmlns=\"http:\/\/www.w3.org\/2000\/svg\"><path d=\"M646 125C629 125 613 133 604 142L308 442C296 454 292 471 292 487 292 504 296 521 308 533L604 854C617 867 629 875 646 875 663 875 679 871 692 858 704 846 713 829 713 812 713 796 708 779 692 767L438 487 692 225C700 217 708 204 708 187 708 171 704 154 692 142 675 129 663 125 646 125Z\"><\/path><\/svg>\t\t\t\t\t<\/div>\n\t\t\t\t\t<div class=\"elementor-swiper-button elementor-swiper-button-next\" role=\"button\" tabindex=\"0\">\n\t\t\t\t\t\t<svg aria-hidden=\"true\" class=\"e-font-icon-svg e-eicon-chevron-right\" viewBox=\"0 0 1000 1000\" xmlns=\"http:\/\/www.w3.org\/2000\/svg\"><path d=\"M696 533C708 521 713 504 713 487 713 471 708 454 696 446L400 146C388 133 375 125 354 125 338 125 325 129 313 142 300 154 292 171 292 187 292 204 296 221 308 233L563 492 304 771C292 783 288 800 288 817 288 833 296 850 308 863 321 871 338 875 354 875 371 875 388 867 400 854L696 533Z\"><\/path><\/svg>\t\t\t\t\t<\/div>\n\t\t\t\t\n\t\t\t\t\t\t\t\t\t<div class=\"swiper-pagination\"><\/div>\n\t\t\t\t\t\t\t\t\t<\/div>\n\t\t\t\t\t\t<\/div>\n\t\t\t\t<\/div>\n\t\t\t\t<\/div>\n\t\t\t\t<\/div>\n\t\t\t\t<\/div>\n\t\t\t\t\t<\/div>\n\t\t\t\t<\/div>\n\t\t<div class=\"elementor-element elementor-element-0b1a8f3 e-flex e-con-boxed e-con e-parent\" data-id=\"0b1a8f3\" data-element_type=\"container\" data-e-type=\"container\">\n\t\t\t\t\t<div class=\"e-con-inner\">\n\t\t\t\t<div class=\"elementor-element elementor-element-7561ab9 elementor-widget elementor-widget-spacer\" data-id=\"7561ab9\" data-element_type=\"widget\" data-e-type=\"widget\" data-widget_type=\"spacer.default\">\n\t\t\t\t<div class=\"elementor-widget-container\">\n\t\t\t\t\t\t\t<div class=\"elementor-spacer\">\n\t\t\t<div class=\"elementor-spacer-inner\"><\/div>\n\t\t<\/div>\n\t\t\t\t\t\t<\/div>\n\t\t\t\t<\/div>\n\t\t\t\t\t<\/div>\n\t\t\t\t<\/div>\n\t\t\t\t<\/div>\n\t\t","protected":false},"excerpt":{"rendered":"<p>Hauska ja viihdytt\u00e4v\u00e4 cocktail-koulutus 35 \u20ac \/ henkil\u00f6 \u2013 v\u00e4hint\u00e4\u00e4n 10 henkil\u00f6\u00e4 Tule mukaan rennolle cocktail-kurssille, jossa opit teoriatiedon lis\u00e4ksi my\u00f6s hauskoja faktoja ja p\u00e4\u00e4set heti itse tekem\u00e4\u00e4n drinkkej\u00e4. T\u00e4ydellinen ohjelmanumero syntt\u00e4reihin, polttareihin tai muuten vain kaveriporukan yhteiseen iltaan. Klassikkodrinkkien lis\u00e4ksi my\u00f6s mocktaileja! Lis\u00e4tiedot ja varaukset: info@lokaalkassa.ee HUOM! Tilaisuus sis\u00e4lt\u00e4\u00e4 alkoholia. Alkoholi voi vahingoittaa terveytt\u00e4si.<\/p>\n","protected":false},"author":2,"featured_media":0,"parent":0,"menu_order":0,"comment_status":"closed","ping_status":"closed","template":"","meta":{"site-sidebar-layout":"no-sidebar","site-content-layout":"page-builder","ast-site-content-layout":"default","site-content-style":"default","site-sidebar-style":"default","ast-global-header-display":"","ast-banner-title-visibility":"","ast-main-header-display":"","ast-hfb-above-header-display":"","ast-hfb-below-header-display":"","ast-hfb-mobile-header-display":"","site-post-title":"disabled","ast-breadcrumbs-content":"disabled","ast-featured-img":"disabled","footer-sml-layout":"","ast-disable-related-posts":"","theme-transparent-header-meta":"enabled","adv-header-id-meta":"","stick-header-meta":"","header-above-stick-meta":"","header-main-stick-meta":"","header-below-stick-meta":"","astra-migrate-meta-layouts":"default","ast-page-background-enabled":"default","ast-page-background-meta":{"desktop":{"background-color":"","background-image":"","background-repeat":"repeat","background-position":"center center","background-size":"auto","background-attachment":"scroll","background-type":"","background-media":"","overlay-type":"","overlay-color":"","overlay-opacity":"","overlay-gradient":""},"tablet":{"background-color":"","background-image":"","background-repeat":"repeat","background-position":"center center","background-size":"auto","background-attachment":"scroll","background-type":"","background-media":"","overlay-type":"","overlay-color":"","overlay-opacity":"","overlay-gradient":""},"mobile":{"background-color":"","background-image":"","background-repeat":"repeat","background-position":"center center","background-size":"auto","background-attachment":"scroll","background-type":"","background-media":"","overlay-type":"","overlay-color":"","overlay-opacity":"","overlay-gradient":""}},"ast-content-background-meta":{"desktop":{"background-color":"var(--ast-global-color-5)","background-image":"","background-repeat":"repeat","background-position":"center center","background-size":"auto","background-attachment":"scroll","background-type":"","background-media":"","overlay-type":"","overlay-color":"","overlay-opacity":"","overlay-gradient":""},"tablet":{"background-color":"var(--ast-global-color-5)","background-image":"","background-repeat":"repeat","background-position":"center center","background-size":"auto","background-attachment":"scroll","background-type":"","background-media":"","overlay-type":"","overlay-color":"","overlay-opacity":"","overlay-gradient":""},"mobile":{"background-color":"var(--ast-global-color-5)","background-image":"","background-repeat":"repeat","background-position":"center center","background-size":"auto","background-attachment":"scroll","background-type":"","background-media":"","overlay-type":"","overlay-color":"","overlay-opacity":"","overlay-gradient":""}},"footnotes":""},"class_list":["post-1772","page","type-page","status-publish","hentry"],"yoast_head":"<!-- This site is optimized with the Yoast SEO plugin v27.5 - https:\/\/yoast.com\/product\/yoast-seo-wordpress\/ -->\n<title>Koksikoulutus - Lokaal Kassa<\/title>\n<meta name=\"robots\" content=\"index, follow, max-snippet:-1, max-image-preview:large, max-video-preview:-1\" \/>\n<link rel=\"canonical\" href=\"https:\/\/lokaalkassa.ee\/fi\/koksikoulutus\/\" \/>\n<meta property=\"og:locale\" content=\"fi_FI\" \/>\n<meta property=\"og:type\" content=\"article\" \/>\n<meta property=\"og:title\" content=\"Koksikoulutus - Lokaal Kassa\" \/>\n<meta property=\"og:description\" content=\"Hauska ja viihdytt\u00e4v\u00e4 cocktail-koulutus 35 \u20ac \/ henkil\u00f6 \u2013 v\u00e4hint\u00e4\u00e4n 10 henkil\u00f6\u00e4 Tule mukaan rennolle cocktail-kurssille, jossa opit teoriatiedon lis\u00e4ksi my\u00f6s hauskoja faktoja ja p\u00e4\u00e4set heti itse tekem\u00e4\u00e4n drinkkej\u00e4. T\u00e4ydellinen ohjelmanumero syntt\u00e4reihin, polttareihin tai muuten vain kaveriporukan yhteiseen iltaan. Klassikkodrinkkien lis\u00e4ksi my\u00f6s mocktaileja! Lis\u00e4tiedot ja varaukset: info@lokaalkassa.ee HUOM! Tilaisuus sis\u00e4lt\u00e4\u00e4 alkoholia. Alkoholi voi vahingoittaa terveytt\u00e4si.\" \/>\n<meta property=\"og:url\" content=\"https:\/\/lokaalkassa.ee\/fi\/koksikoulutus\/\" \/>\n<meta property=\"og:site_name\" content=\"Lokaal Kassa\" \/>\n<meta property=\"article:publisher\" content=\"https:\/\/www.facebook.com\/lokaalkassa\" \/>\n<meta property=\"article:modified_time\" content=\"2025-04-24T12:16:36+00:00\" \/>\n<meta property=\"og:image\" content=\"https:\/\/lokaalkassa.ee\/wp-content\/uploads\/2024\/09\/ruuduke.png\" \/>\n<meta name=\"twitter:card\" content=\"summary_large_image\" \/>\n<script type=\"application\/ld+json\" class=\"yoast-schema-graph\">{\"@context\":\"https:\\\/\\\/schema.org\",\"@graph\":[{\"@type\":\"WebPage\",\"@id\":\"https:\\\/\\\/lokaalkassa.ee\\\/fi\\\/koksikoulutus\\\/\",\"url\":\"https:\\\/\\\/lokaalkassa.ee\\\/fi\\\/koksikoulutus\\\/\",\"name\":\"Koksikoulutus - Lokaal Kassa\",\"isPartOf\":{\"@id\":\"https:\\\/\\\/lokaalkassa.ee\\\/fi\\\/#website\"},\"primaryImageOfPage\":{\"@id\":\"https:\\\/\\\/lokaalkassa.ee\\\/fi\\\/koksikoulutus\\\/#primaryimage\"},\"image\":{\"@id\":\"https:\\\/\\\/lokaalkassa.ee\\\/fi\\\/koksikoulutus\\\/#primaryimage\"},\"thumbnailUrl\":\"https:\\\/\\\/lokaalkassa.ee\\\/wp-content\\\/uploads\\\/2024\\\/09\\\/ruuduke.png\",\"datePublished\":\"2020-05-07T04:14:55+00:00\",\"dateModified\":\"2025-04-24T12:16:36+00:00\",\"breadcrumb\":{\"@id\":\"https:\\\/\\\/lokaalkassa.ee\\\/fi\\\/koksikoulutus\\\/#breadcrumb\"},\"inLanguage\":\"fi\",\"potentialAction\":[{\"@type\":\"ReadAction\",\"target\":[\"https:\\\/\\\/lokaalkassa.ee\\\/fi\\\/koksikoulutus\\\/\"]}]},{\"@type\":\"ImageObject\",\"inLanguage\":\"fi\",\"@id\":\"https:\\\/\\\/lokaalkassa.ee\\\/fi\\\/koksikoulutus\\\/#primaryimage\",\"url\":\"https:\\\/\\\/lokaalkassa.ee\\\/wp-content\\\/uploads\\\/2024\\\/09\\\/ruuduke.png\",\"contentUrl\":\"https:\\\/\\\/lokaalkassa.ee\\\/wp-content\\\/uploads\\\/2024\\\/09\\\/ruuduke.png\"},{\"@type\":\"BreadcrumbList\",\"@id\":\"https:\\\/\\\/lokaalkassa.ee\\\/fi\\\/koksikoulutus\\\/#breadcrumb\",\"itemListElement\":[{\"@type\":\"ListItem\",\"position\":1,\"name\":\"Home\",\"item\":\"https:\\\/\\\/lokaalkassa.ee\\\/fi\\\/etisivy\\\/\"},{\"@type\":\"ListItem\",\"position\":2,\"name\":\"Koksikoulutus\"}]},{\"@type\":\"WebSite\",\"@id\":\"https:\\\/\\\/lokaalkassa.ee\\\/fi\\\/#website\",\"url\":\"https:\\\/\\\/lokaalkassa.ee\\\/fi\\\/\",\"name\":\"lokaalkassa.ee\",\"description\":\"Lokaal Kassa on P&auml;rnu s&uuml;dames asuv lokaal, mis pakub kvaliteetset meelelahutust &otilde;htu- ning &ouml;&ouml;tundidesse.\",\"publisher\":{\"@id\":\"https:\\\/\\\/lokaalkassa.ee\\\/fi\\\/#organization\"},\"potentialAction\":[{\"@type\":\"SearchAction\",\"target\":{\"@type\":\"EntryPoint\",\"urlTemplate\":\"https:\\\/\\\/lokaalkassa.ee\\\/fi\\\/?s={search_term_string}\"},\"query-input\":{\"@type\":\"PropertyValueSpecification\",\"valueRequired\":true,\"valueName\":\"search_term_string\"}}],\"inLanguage\":\"fi\"},{\"@type\":\"Organization\",\"@id\":\"https:\\\/\\\/lokaalkassa.ee\\\/fi\\\/#organization\",\"name\":\"Lokaal Kassa\",\"url\":\"https:\\\/\\\/lokaalkassa.ee\\\/fi\\\/\",\"logo\":{\"@type\":\"ImageObject\",\"inLanguage\":\"fi\",\"@id\":\"https:\\\/\\\/lokaalkassa.ee\\\/fi\\\/#\\\/schema\\\/logo\\\/image\\\/\",\"url\":\"https:\\\/\\\/lokaalkassa.ee\\\/wp-content\\\/uploads\\\/2024\\\/01\\\/Nimetu-kujundus-12.png\",\"contentUrl\":\"https:\\\/\\\/lokaalkassa.ee\\\/wp-content\\\/uploads\\\/2024\\\/01\\\/Nimetu-kujundus-12.png\",\"width\":1000,\"height\":400,\"caption\":\"Lokaal Kassa\"},\"image\":{\"@id\":\"https:\\\/\\\/lokaalkassa.ee\\\/fi\\\/#\\\/schema\\\/logo\\\/image\\\/\"},\"sameAs\":[\"https:\\\/\\\/www.facebook.com\\\/lokaalkassa\"]}]}<\/script>\n<!-- \/ Yoast SEO plugin. -->","yoast_head_json":{"title":"Koksikoulutus - Lokaal Kassa","robots":{"index":"index","follow":"follow","max-snippet":"max-snippet:-1","max-image-preview":"max-image-preview:large","max-video-preview":"max-video-preview:-1"},"canonical":"https:\/\/lokaalkassa.ee\/fi\/koksikoulutus\/","og_locale":"fi_FI","og_type":"article","og_title":"Koksikoulutus - Lokaal Kassa","og_description":"Hauska ja viihdytt\u00e4v\u00e4 cocktail-koulutus 35 \u20ac \/ henkil\u00f6 \u2013 v\u00e4hint\u00e4\u00e4n 10 henkil\u00f6\u00e4 Tule mukaan rennolle cocktail-kurssille, jossa opit teoriatiedon lis\u00e4ksi my\u00f6s hauskoja faktoja ja p\u00e4\u00e4set heti itse tekem\u00e4\u00e4n drinkkej\u00e4. T\u00e4ydellinen ohjelmanumero syntt\u00e4reihin, polttareihin tai muuten vain kaveriporukan yhteiseen iltaan. Klassikkodrinkkien lis\u00e4ksi my\u00f6s mocktaileja! Lis\u00e4tiedot ja varaukset: info@lokaalkassa.ee HUOM! Tilaisuus sis\u00e4lt\u00e4\u00e4 alkoholia. Alkoholi voi vahingoittaa terveytt\u00e4si.","og_url":"https:\/\/lokaalkassa.ee\/fi\/koksikoulutus\/","og_site_name":"Lokaal Kassa","article_publisher":"https:\/\/www.facebook.com\/lokaalkassa","article_modified_time":"2025-04-24T12:16:36+00:00","og_image":[{"url":"https:\/\/lokaalkassa.ee\/wp-content\/uploads\/2024\/09\/ruuduke.png","type":"","width":"","height":""}],"twitter_card":"summary_large_image","schema":{"@context":"https:\/\/schema.org","@graph":[{"@type":"WebPage","@id":"https:\/\/lokaalkassa.ee\/fi\/koksikoulutus\/","url":"https:\/\/lokaalkassa.ee\/fi\/koksikoulutus\/","name":"Koksikoulutus - Lokaal Kassa","isPartOf":{"@id":"https:\/\/lokaalkassa.ee\/fi\/#website"},"primaryImageOfPage":{"@id":"https:\/\/lokaalkassa.ee\/fi\/koksikoulutus\/#primaryimage"},"image":{"@id":"https:\/\/lokaalkassa.ee\/fi\/koksikoulutus\/#primaryimage"},"thumbnailUrl":"https:\/\/lokaalkassa.ee\/wp-content\/uploads\/2024\/09\/ruuduke.png","datePublished":"2020-05-07T04:14:55+00:00","dateModified":"2025-04-24T12:16:36+00:00","breadcrumb":{"@id":"https:\/\/lokaalkassa.ee\/fi\/koksikoulutus\/#breadcrumb"},"inLanguage":"fi","potentialAction":[{"@type":"ReadAction","target":["https:\/\/lokaalkassa.ee\/fi\/koksikoulutus\/"]}]},{"@type":"ImageObject","inLanguage":"fi","@id":"https:\/\/lokaalkassa.ee\/fi\/koksikoulutus\/#primaryimage","url":"https:\/\/lokaalkassa.ee\/wp-content\/uploads\/2024\/09\/ruuduke.png","contentUrl":"https:\/\/lokaalkassa.ee\/wp-content\/uploads\/2024\/09\/ruuduke.png"},{"@type":"BreadcrumbList","@id":"https:\/\/lokaalkassa.ee\/fi\/koksikoulutus\/#breadcrumb","itemListElement":[{"@type":"ListItem","position":1,"name":"Home","item":"https:\/\/lokaalkassa.ee\/fi\/etisivy\/"},{"@type":"ListItem","position":2,"name":"Koksikoulutus"}]},{"@type":"WebSite","@id":"https:\/\/lokaalkassa.ee\/fi\/#website","url":"https:\/\/lokaalkassa.ee\/fi\/","name":"lokaalkassa.ee","description":"Lokaal Kassa on P&auml;rnu s&uuml;dames asuv lokaal, mis pakub kvaliteetset meelelahutust &otilde;htu- ning &ouml;&ouml;tundidesse.","publisher":{"@id":"https:\/\/lokaalkassa.ee\/fi\/#organization"},"potentialAction":[{"@type":"SearchAction","target":{"@type":"EntryPoint","urlTemplate":"https:\/\/lokaalkassa.ee\/fi\/?s={search_term_string}"},"query-input":{"@type":"PropertyValueSpecification","valueRequired":true,"valueName":"search_term_string"}}],"inLanguage":"fi"},{"@type":"Organization","@id":"https:\/\/lokaalkassa.ee\/fi\/#organization","name":"Lokaal Kassa","url":"https:\/\/lokaalkassa.ee\/fi\/","logo":{"@type":"ImageObject","inLanguage":"fi","@id":"https:\/\/lokaalkassa.ee\/fi\/#\/schema\/logo\/image\/","url":"https:\/\/lokaalkassa.ee\/wp-content\/uploads\/2024\/01\/Nimetu-kujundus-12.png","contentUrl":"https:\/\/lokaalkassa.ee\/wp-content\/uploads\/2024\/01\/Nimetu-kujundus-12.png","width":1000,"height":400,"caption":"Lokaal Kassa"},"image":{"@id":"https:\/\/lokaalkassa.ee\/fi\/#\/schema\/logo\/image\/"},"sameAs":["https:\/\/www.facebook.com\/lokaalkassa"]}]}},"_links":{"self":[{"href":"https:\/\/lokaalkassa.ee\/fi\/wp-json\/wp\/v2\/pages\/1772","targetHints":{"allow":["GET"]}}],"collection":[{"href":"https:\/\/lokaalkassa.ee\/fi\/wp-json\/wp\/v2\/pages"}],"about":[{"href":"https:\/\/lokaalkassa.ee\/fi\/wp-json\/wp\/v2\/types\/page"}],"author":[{"embeddable":true,"href":"https:\/\/lokaalkassa.ee\/fi\/wp-json\/wp\/v2\/users\/2"}],"replies":[{"embeddable":true,"href":"https:\/\/lokaalkassa.ee\/fi\/wp-json\/wp\/v2\/comments?post=1772"}],"version-history":[{"count":3,"href":"https:\/\/lokaalkassa.ee\/fi\/wp-json\/wp\/v2\/pages\/1772\/revisions"}],"predecessor-version":[{"id":1951,"href":"https:\/\/lokaalkassa.ee\/fi\/wp-json\/wp\/v2\/pages\/1772\/revisions\/1951"}],"wp:attachment":[{"href":"https:\/\/lokaalkassa.ee\/fi\/wp-json\/wp\/v2\/media?parent=1772"}],"curies":[{"name":"wp","href":"https:\/\/api.w.org\/{rel}","templated":true}]}}