{"id":1765,"date":"2020-05-07T07:12:42","date_gmt":"2020-05-07T04:12:42","guid":{"rendered":"https:\/\/lokaalkassa.ee\/ota-yhteytta\/"},"modified":"2025-04-24T15:28:02","modified_gmt":"2025-04-24T12:28:02","slug":"ota-yhteytta","status":"publish","type":"page","link":"https:\/\/lokaalkassa.ee\/fi\/ota-yhteytta\/","title":{"rendered":"Ota yhteytt\u00e4"},"content":{"rendered":"\t\t<div data-elementor-type=\"wp-page\" data-elementor-id=\"1765\" class=\"elementor elementor-1765 elementor-20\">\n\t\t\t\t<div class=\"elementor-element elementor-element-e021ac2 e-flex e-con-boxed e-con e-parent\" data-id=\"e021ac2\" data-element_type=\"container\" data-e-type=\"container\">\n\t\t\t\t\t<div class=\"e-con-inner\">\n\t\t<div class=\"elementor-element elementor-element-bf45096 e-con-full e-flex e-con e-child\" data-id=\"bf45096\" data-element_type=\"container\" data-e-type=\"container\">\n\t\t\t\t<div class=\"elementor-element elementor-element-e7909d7 elementor-widget elementor-widget-heading\" data-id=\"e7909d7\" data-element_type=\"widget\" data-e-type=\"widget\" data-widget_type=\"heading.default\">\n\t\t\t\t<div class=\"elementor-widget-container\">\n\t\t\t\t\t<h1 class=\"elementor-heading-title elementor-size-default\">Ota yhteytt\u00e4<\/h1>\t\t\t\t<\/div>\n\t\t\t\t<\/div>\n\t\t\t\t<div class=\"elementor-element elementor-element-090be2a elementor-widget-divider--view-line elementor-widget elementor-widget-divider\" data-id=\"090be2a\" data-element_type=\"widget\" data-e-type=\"widget\" data-widget_type=\"divider.default\">\n\t\t\t\t<div class=\"elementor-widget-container\">\n\t\t\t\t\t\t\t<div class=\"elementor-divider\">\n\t\t\t<span class=\"elementor-divider-separator\">\n\t\t\t\t\t\t<\/span>\n\t\t<\/div>\n\t\t\t\t\t\t<\/div>\n\t\t\t\t<\/div>\n\t\t\t\t<\/div>\n\t\t\t\t\t<\/div>\n\t\t\t\t<\/div>\n\t\t<div class=\"elementor-element elementor-element-d88bb88 e-flex e-con-boxed e-con e-parent\" data-id=\"d88bb88\" data-element_type=\"container\" data-e-type=\"container\">\n\t\t\t\t\t<div class=\"e-con-inner\">\n\t\t<div class=\"elementor-element elementor-element-1c05c78 e-flex e-con-boxed e-con e-child\" data-id=\"1c05c78\" data-element_type=\"container\" data-e-type=\"container\">\n\t\t\t\t\t<div class=\"e-con-inner\">\n\t\t\t\t<div class=\"elementor-element elementor-element-cc8d0a1 elementor-widget elementor-widget-heading\" data-id=\"cc8d0a1\" data-element_type=\"widget\" data-e-type=\"widget\" data-widget_type=\"heading.default\">\n\t\t\t\t<div class=\"elementor-widget-container\">\n\t\t\t\t\t<h5 class=\"elementor-heading-title elementor-size-default\">Lokaal Kassa<\/h5>\t\t\t\t<\/div>\n\t\t\t\t<\/div>\n\t\t\t\t<div class=\"elementor-element elementor-element-a27bfd4 elementor-widget elementor-widget-heading\" data-id=\"a27bfd4\" data-element_type=\"widget\" data-e-type=\"widget\" data-widget_type=\"heading.default\">\n\t\t\t\t<div class=\"elementor-widget-container\">\n\t\t\t\t\t<p class=\"elementor-heading-title elementor-size-default\">Rivermark O\u00dc<\/p>\t\t\t\t<\/div>\n\t\t\t\t<\/div>\n\t\t\t\t<div class=\"elementor-element elementor-element-3cbc3ea elementor-widget elementor-widget-heading\" data-id=\"3cbc3ea\" data-element_type=\"widget\" data-e-type=\"widget\" data-widget_type=\"heading.default\">\n\t\t\t\t<div class=\"elementor-widget-container\">\n\t\t\t\t\t<p class=\"elementor-heading-title elementor-size-default\">R\u00fc\u00fctli 40, P\u00e4rnu, 80010<\/p>\t\t\t\t<\/div>\n\t\t\t\t<\/div>\n\t\t\t\t<div class=\"elementor-element elementor-element-2e94956 elementor-widget elementor-widget-heading\" data-id=\"2e94956\" data-element_type=\"widget\" data-e-type=\"widget\" data-widget_type=\"heading.default\">\n\t\t\t\t<div class=\"elementor-widget-container\">\n\t\t\t\t\t<p class=\"elementor-heading-title elementor-size-default\"><a href=\"#\">info@lokaalkassa.ee<\/a><\/p>\t\t\t\t<\/div>\n\t\t\t\t<\/div>\n\t\t\t\t\t<\/div>\n\t\t\t\t<\/div>\n\t\t<div class=\"elementor-element elementor-element-fe78c55 e-flex e-con-boxed e-con e-child\" data-id=\"fe78c55\" data-element_type=\"container\" data-e-type=\"container\">\n\t\t\t\t\t<div class=\"e-con-inner\">\n\t\t\t\t<div class=\"elementor-element elementor-element-4317153 elementor-widget elementor-widget-heading\" data-id=\"4317153\" data-element_type=\"widget\" data-e-type=\"widget\" data-widget_type=\"heading.default\">\n\t\t\t\t<div class=\"elementor-widget-container\">\n\t\t\t\t\t<h5 class=\"elementor-heading-title elementor-size-default\">Kadonnut &amp; l\u00f6ydetty<\/h5>\t\t\t\t<\/div>\n\t\t\t\t<\/div>\n\t\t\t\t<div class=\"elementor-element elementor-element-6102a7a elementor-widget elementor-widget-heading\" data-id=\"6102a7a\" data-element_type=\"widget\" data-e-type=\"widget\" data-widget_type=\"heading.default\">\n\t\t\t\t<div class=\"elementor-widget-container\">\n\t\t\t\t\t<p class=\"elementor-heading-title elementor-size-default\">J\u00e4rjestelyn mukaan viikon aikana<\/p>\t\t\t\t<\/div>\n\t\t\t\t<\/div>\n\t\t\t\t<div class=\"elementor-element elementor-element-3c08103 elementor-widget elementor-widget-heading\" data-id=\"3c08103\" data-element_type=\"widget\" data-e-type=\"widget\" data-widget_type=\"heading.default\">\n\t\t\t\t<div class=\"elementor-widget-container\">\n\t\t\t\t\t<p class=\"elementor-heading-title elementor-size-default\">info@lokaalkassa.ee<\/p>\t\t\t\t<\/div>\n\t\t\t\t<\/div>\n\t\t\t\t<div class=\"elementor-element elementor-element-24ede6f elementor-widget elementor-widget-heading\" data-id=\"24ede6f\" data-element_type=\"widget\" data-e-type=\"widget\" data-widget_type=\"heading.default\">\n\t\t\t\t<div class=\"elementor-widget-container\">\n\t\t\t\t\t<p class=\"elementor-heading-title elementor-size-default\">+372 51 966 682\n\n<\/p>\t\t\t\t<\/div>\n\t\t\t\t<\/div>\n\t\t\t\t\t<\/div>\n\t\t\t\t<\/div>\n\t\t\t\t\t<\/div>\n\t\t\t\t<\/div>\n\t\t<div class=\"elementor-element elementor-element-593882b e-flex e-con-boxed e-con e-parent\" data-id=\"593882b\" data-element_type=\"container\" data-e-type=\"container\">\n\t\t\t\t\t<div class=\"e-con-inner\">\n\t\t<div class=\"elementor-element elementor-element-bcdbac0 e-flex e-con-boxed e-con e-child\" data-id=\"bcdbac0\" data-element_type=\"container\" data-e-type=\"container\">\n\t\t\t\t\t<div class=\"e-con-inner\">\n\t\t\t\t<div class=\"elementor-element elementor-element-ac53fc3 elementor-widget elementor-widget-shortcode\" data-id=\"ac53fc3\" data-element_type=\"widget\" data-e-type=\"widget\" data-widget_type=\"shortcode.default\">\n\t\t\t\t<div class=\"elementor-widget-container\">\n\t\t\t\t\t\t\t<div class=\"elementor-shortcode\"><div class=\"wpforms-container \" id=\"wpforms-434\"><form id=\"wpforms-form-434\" class=\"wpforms-validate wpforms-form\" data-formid=\"434\" method=\"post\" enctype=\"multipart\/form-data\" action=\"\/fi\/wp-json\/wp\/v2\/pages\/1765\" data-token=\"1739c070408d99593c42b5cf0713c598\" data-token-time=\"1777993852\"><noscript class=\"wpforms-error-noscript\">Please enable JavaScript in your browser to complete this form.<\/noscript><div class=\"wpforms-field-container\"><div id=\"wpforms-434-field_0-container\" class=\"wpforms-field wpforms-field-name wpforms-one-half wpforms-first\" data-field-id=\"0\"><label class=\"wpforms-field-label wpforms-label-hide\" for=\"wpforms-434-field_0\">Nimi <span class=\"wpforms-required-label\">*<\/span><\/label><input type=\"text\" id=\"wpforms-434-field_0\" class=\"wpforms-field-large wpforms-field-required\" name=\"wpforms[fields][0]\" placeholder=\"Nimi*\" required><\/div><div id=\"wpforms-434-field_3-container\" class=\"wpforms-field wpforms-field-text wpforms-one-half\" data-field-id=\"3\"><label class=\"wpforms-field-label wpforms-label-hide\" for=\"wpforms-434-field_3\">Telefoninumber <span class=\"wpforms-required-label\">*<\/span><\/label><input type=\"text\" id=\"wpforms-434-field_3\" class=\"wpforms-field-large wpforms-field-required\" name=\"wpforms[fields][3]\" placeholder=\"Telefoninumber*\" required><\/div><div id=\"wpforms-434-field_1-container\" class=\"wpforms-field wpforms-field-email\" data-field-id=\"1\"><label class=\"wpforms-field-label wpforms-label-hide\" for=\"wpforms-434-field_1\">Email <span class=\"wpforms-required-label\">*<\/span><\/label><input type=\"email\" id=\"wpforms-434-field_1\" class=\"wpforms-field-large wpforms-field-required\" name=\"wpforms[fields][1]\" placeholder=\"E-posti aadress*\" spellcheck=\"false\" required><\/div><div id=\"wpforms-434-field_2-container\" class=\"wpforms-field wpforms-field-textarea\" data-field-id=\"2\"><label class=\"wpforms-field-label wpforms-label-hide\" for=\"wpforms-434-field_2\">S\u00f5num <span class=\"wpforms-required-label\">*<\/span><\/label><textarea id=\"wpforms-434-field_2\" class=\"wpforms-field-medium wpforms-field-required\" name=\"wpforms[fields][2]\" placeholder=\"S\u00f5num*\" required><\/textarea><\/div><div id=\"wpforms-434-field_4-container\" class=\"wpforms-field wpforms-field-checkbox\" data-field-id=\"4\"><label class=\"wpforms-field-label wpforms-label-hide\">Tingimused <span class=\"wpforms-required-label\">*<\/span><\/label><ul id=\"wpforms-434-field_4\" class=\"wpforms-field-required\"><li class=\"choice-1 depth-1\"><input type=\"checkbox\" id=\"wpforms-434-field_4_1\" name=\"wpforms[fields][4][]\" value=\"Olen tutvunud ja n\u00f5ustun Lokaal Kassa privaatsustingimustega.\" required ><label class=\"wpforms-field-label-inline\" for=\"wpforms-434-field_4_1\">Olen tutvunud ja n\u00f5ustun Lokaal Kassa privaatsustingimustega.<\/label><\/li><\/ul><\/div><\/div><!-- .wpforms-field-container --><div class=\"wpforms-field wpforms-field-hp\"><label for=\"wpforms-434-field-hp\" class=\"wpforms-field-label\">Message<\/label><input type=\"text\" name=\"wpforms[hp]\" id=\"wpforms-434-field-hp\" class=\"wpforms-field-medium\"><\/div><div class=\"wpforms-recaptcha-container wpforms-is-recaptcha wpforms-is-recaptcha-type-v3\" ><input type=\"hidden\" name=\"wpforms[recaptcha]\" value=\"\"><\/div><div class=\"wpforms-submit-container\" ><input type=\"hidden\" name=\"wpforms[id]\" value=\"434\"><input type=\"hidden\" name=\"page_title\" value=\"\"><input type=\"hidden\" name=\"page_url\" value=\"https:\/\/lokaalkassa.ee\/fi\/wp-json\/wp\/v2\/pages\/1765\"><input type=\"hidden\" name=\"url_referer\" value=\"\"><button type=\"submit\" name=\"wpforms[submit]\" id=\"wpforms-submit-434\" class=\"wpforms-submit\" data-alt-text=\"Saatmine...\" data-submit-text=\"SAADA KIRI\" aria-live=\"assertive\" value=\"wpforms-submit\">SAADA KIRI<\/button><\/div><\/form><\/div>  <!-- .wpforms-container -->\t<\/div>\n\t\t\t\t\t\t<\/div>\n\t\t\t\t<\/div>\n\t\t\t\t\t<\/div>\n\t\t\t\t<\/div>\n\t\t<div class=\"elementor-element elementor-element-7363a81 e-flex e-con-boxed e-con e-child\" data-id=\"7363a81\" data-element_type=\"container\" data-e-type=\"container\">\n\t\t\t\t\t<div class=\"e-con-inner\">\n\t\t\t\t<div class=\"elementor-element elementor-element-c509e2e elementor-widget elementor-widget-google_maps\" data-id=\"c509e2e\" data-element_type=\"widget\" data-e-type=\"widget\" data-widget_type=\"google_maps.default\">\n\t\t\t\t<div class=\"elementor-widget-container\">\n\t\t\t\t\t\t\t<div class=\"elementor-custom-embed\">\n\t\t\t<iframe loading=\"lazy\"\n\t\t\t\t\tsrc=\"https:\/\/maps.google.com\/maps?q=r%C3%BC%C3%BCtli%2040%2C%20p%C3%A4rnu&#038;t=m&#038;z=15&#038;output=embed&#038;iwloc=near\"\n\t\t\t\t\ttitle=\"r\u00fc\u00fctli 40, p\u00e4rnu\"\n\t\t\t\t\taria-label=\"r\u00fc\u00fctli 40, p\u00e4rnu\"\n\t\t\t><\/iframe>\n\t\t<\/div>\n\t\t\t\t\t\t<\/div>\n\t\t\t\t<\/div>\n\t\t\t\t\t<\/div>\n\t\t\t\t<\/div>\n\t\t\t\t\t<\/div>\n\t\t\t\t<\/div>\n\t\t\t\t<\/div>\n\t\t","protected":false},"excerpt":{"rendered":"<p>Ota yhteytt\u00e4 Lokaal Kassa Rivermark O\u00dc R\u00fc\u00fctli 40, P\u00e4rnu, 80010 info@lokaalkassa.ee Kadonnut &amp; l\u00f6ydetty J\u00e4rjestelyn mukaan viikon aikana info@lokaalkassa.ee +372 51 966 682<\/p>\n","protected":false},"author":2,"featured_media":0,"parent":0,"menu_order":0,"comment_status":"closed","ping_status":"closed","template":"","meta":{"site-sidebar-layout":"no-sidebar","site-content-layout":"page-builder","ast-site-content-layout":"full-width-container","site-content-style":"unboxed","site-sidebar-style":"unboxed","ast-global-header-display":"","ast-banner-title-visibility":"","ast-main-header-display":"","ast-hfb-above-header-display":"","ast-hfb-below-header-display":"","ast-hfb-mobile-header-display":"","site-post-title":"disabled","ast-breadcrumbs-content":"disabled","ast-featured-img":"disabled","footer-sml-layout":"","ast-disable-related-posts":"","theme-transparent-header-meta":"enabled","adv-header-id-meta":"","stick-header-meta":"","header-above-stick-meta":"","header-main-stick-meta":"","header-below-stick-meta":"","astra-migrate-meta-layouts":"default","ast-page-background-enabled":"default","ast-page-background-meta":{"desktop":{"background-color":"","background-image":"","background-repeat":"repeat","background-position":"center center","background-size":"auto","background-attachment":"scroll","background-type":"","background-media":"","overlay-type":"","overlay-color":"","overlay-opacity":"","overlay-gradient":""},"tablet":{"background-color":"","background-image":"","background-repeat":"repeat","background-position":"center center","background-size":"auto","background-attachment":"scroll","background-type":"","background-media":"","overlay-type":"","overlay-color":"","overlay-opacity":"","overlay-gradient":""},"mobile":{"background-color":"","background-image":"","background-repeat":"repeat","background-position":"center center","background-size":"auto","background-attachment":"scroll","background-type":"","background-media":"","overlay-type":"","overlay-color":"","overlay-opacity":"","overlay-gradient":""}},"ast-content-background-meta":{"desktop":{"background-color":"var(--ast-global-color-5)","background-image":"","background-repeat":"repeat","background-position":"center center","background-size":"auto","background-attachment":"scroll","background-type":"","background-media":"","overlay-type":"","overlay-color":"","overlay-opacity":"","overlay-gradient":""},"tablet":{"background-color":"var(--ast-global-color-5)","background-image":"","background-repeat":"repeat","background-position":"center center","background-size":"auto","background-attachment":"scroll","background-type":"","background-media":"","overlay-type":"","overlay-color":"","overlay-opacity":"","overlay-gradient":""},"mobile":{"background-color":"var(--ast-global-color-5)","background-image":"","background-repeat":"repeat","background-position":"center center","background-size":"auto","background-attachment":"scroll","background-type":"","background-media":"","overlay-type":"","overlay-color":"","overlay-opacity":"","overlay-gradient":""}},"footnotes":""},"class_list":["post-1765","page","type-page","status-publish","hentry"],"yoast_head":"<!-- This site is optimized with the Yoast SEO plugin v27.5 - https:\/\/yoast.com\/product\/yoast-seo-wordpress\/ -->\n<title>Ota yhteytt\u00e4 - Lokaal Kassa<\/title>\n<meta name=\"robots\" content=\"index, follow, max-snippet:-1, max-image-preview:large, max-video-preview:-1\" \/>\n<link rel=\"canonical\" href=\"https:\/\/lokaalkassa.ee\/fi\/ota-yhteytta\/\" \/>\n<meta property=\"og:locale\" content=\"fi_FI\" \/>\n<meta property=\"og:type\" content=\"article\" \/>\n<meta property=\"og:title\" content=\"Ota yhteytt\u00e4 - Lokaal Kassa\" \/>\n<meta property=\"og:description\" content=\"Ota yhteytt\u00e4 Lokaal Kassa Rivermark O\u00dc R\u00fc\u00fctli 40, P\u00e4rnu, 80010 info@lokaalkassa.ee Kadonnut &amp; l\u00f6ydetty J\u00e4rjestelyn mukaan viikon aikana info@lokaalkassa.ee +372 51 966 682\" \/>\n<meta property=\"og:url\" content=\"https:\/\/lokaalkassa.ee\/fi\/ota-yhteytta\/\" \/>\n<meta property=\"og:site_name\" content=\"Lokaal Kassa\" \/>\n<meta property=\"article:publisher\" content=\"https:\/\/www.facebook.com\/lokaalkassa\" \/>\n<meta property=\"article:modified_time\" content=\"2025-04-24T12:28:02+00:00\" \/>\n<meta name=\"twitter:card\" content=\"summary_large_image\" \/>\n<meta name=\"twitter:label1\" content=\"Arvioitu lukuaika\" \/>\n\t<meta name=\"twitter:data1\" content=\"1 minuutti\" \/>\n<script type=\"application\/ld+json\" class=\"yoast-schema-graph\">{\"@context\":\"https:\\\/\\\/schema.org\",\"@graph\":[{\"@type\":\"WebPage\",\"@id\":\"https:\\\/\\\/lokaalkassa.ee\\\/fi\\\/ota-yhteytta\\\/\",\"url\":\"https:\\\/\\\/lokaalkassa.ee\\\/fi\\\/ota-yhteytta\\\/\",\"name\":\"Ota yhteytt\u00e4 - Lokaal Kassa\",\"isPartOf\":{\"@id\":\"https:\\\/\\\/lokaalkassa.ee\\\/fi\\\/#website\"},\"datePublished\":\"2020-05-07T04:12:42+00:00\",\"dateModified\":\"2025-04-24T12:28:02+00:00\",\"breadcrumb\":{\"@id\":\"https:\\\/\\\/lokaalkassa.ee\\\/fi\\\/ota-yhteytta\\\/#breadcrumb\"},\"inLanguage\":\"fi\",\"potentialAction\":[{\"@type\":\"ReadAction\",\"target\":[\"https:\\\/\\\/lokaalkassa.ee\\\/fi\\\/ota-yhteytta\\\/\"]}]},{\"@type\":\"BreadcrumbList\",\"@id\":\"https:\\\/\\\/lokaalkassa.ee\\\/fi\\\/ota-yhteytta\\\/#breadcrumb\",\"itemListElement\":[{\"@type\":\"ListItem\",\"position\":1,\"name\":\"Home\",\"item\":\"https:\\\/\\\/lokaalkassa.ee\\\/fi\\\/etisivy\\\/\"},{\"@type\":\"ListItem\",\"position\":2,\"name\":\"Ota yhteytt\u00e4\"}]},{\"@type\":\"WebSite\",\"@id\":\"https:\\\/\\\/lokaalkassa.ee\\\/fi\\\/#website\",\"url\":\"https:\\\/\\\/lokaalkassa.ee\\\/fi\\\/\",\"name\":\"lokaalkassa.ee\",\"description\":\"Lokaal Kassa on P&auml;rnu s&uuml;dames asuv lokaal, mis pakub kvaliteetset meelelahutust &otilde;htu- ning &ouml;&ouml;tundidesse.\",\"publisher\":{\"@id\":\"https:\\\/\\\/lokaalkassa.ee\\\/fi\\\/#organization\"},\"potentialAction\":[{\"@type\":\"SearchAction\",\"target\":{\"@type\":\"EntryPoint\",\"urlTemplate\":\"https:\\\/\\\/lokaalkassa.ee\\\/fi\\\/?s={search_term_string}\"},\"query-input\":{\"@type\":\"PropertyValueSpecification\",\"valueRequired\":true,\"valueName\":\"search_term_string\"}}],\"inLanguage\":\"fi\"},{\"@type\":\"Organization\",\"@id\":\"https:\\\/\\\/lokaalkassa.ee\\\/fi\\\/#organization\",\"name\":\"Lokaal Kassa\",\"url\":\"https:\\\/\\\/lokaalkassa.ee\\\/fi\\\/\",\"logo\":{\"@type\":\"ImageObject\",\"inLanguage\":\"fi\",\"@id\":\"https:\\\/\\\/lokaalkassa.ee\\\/fi\\\/#\\\/schema\\\/logo\\\/image\\\/\",\"url\":\"https:\\\/\\\/lokaalkassa.ee\\\/wp-content\\\/uploads\\\/2024\\\/01\\\/Nimetu-kujundus-12.png\",\"contentUrl\":\"https:\\\/\\\/lokaalkassa.ee\\\/wp-content\\\/uploads\\\/2024\\\/01\\\/Nimetu-kujundus-12.png\",\"width\":1000,\"height\":400,\"caption\":\"Lokaal Kassa\"},\"image\":{\"@id\":\"https:\\\/\\\/lokaalkassa.ee\\\/fi\\\/#\\\/schema\\\/logo\\\/image\\\/\"},\"sameAs\":[\"https:\\\/\\\/www.facebook.com\\\/lokaalkassa\"]}]}<\/script>\n<!-- \/ Yoast SEO plugin. -->","yoast_head_json":{"title":"Ota yhteytt\u00e4 - Lokaal Kassa","robots":{"index":"index","follow":"follow","max-snippet":"max-snippet:-1","max-image-preview":"max-image-preview:large","max-video-preview":"max-video-preview:-1"},"canonical":"https:\/\/lokaalkassa.ee\/fi\/ota-yhteytta\/","og_locale":"fi_FI","og_type":"article","og_title":"Ota yhteytt\u00e4 - Lokaal Kassa","og_description":"Ota yhteytt\u00e4 Lokaal Kassa Rivermark O\u00dc R\u00fc\u00fctli 40, P\u00e4rnu, 80010 info@lokaalkassa.ee Kadonnut &amp; l\u00f6ydetty J\u00e4rjestelyn mukaan viikon aikana info@lokaalkassa.ee +372 51 966 682","og_url":"https:\/\/lokaalkassa.ee\/fi\/ota-yhteytta\/","og_site_name":"Lokaal Kassa","article_publisher":"https:\/\/www.facebook.com\/lokaalkassa","article_modified_time":"2025-04-24T12:28:02+00:00","twitter_card":"summary_large_image","twitter_misc":{"Arvioitu lukuaika":"1 minuutti"},"schema":{"@context":"https:\/\/schema.org","@graph":[{"@type":"WebPage","@id":"https:\/\/lokaalkassa.ee\/fi\/ota-yhteytta\/","url":"https:\/\/lokaalkassa.ee\/fi\/ota-yhteytta\/","name":"Ota yhteytt\u00e4 - Lokaal Kassa","isPartOf":{"@id":"https:\/\/lokaalkassa.ee\/fi\/#website"},"datePublished":"2020-05-07T04:12:42+00:00","dateModified":"2025-04-24T12:28:02+00:00","breadcrumb":{"@id":"https:\/\/lokaalkassa.ee\/fi\/ota-yhteytta\/#breadcrumb"},"inLanguage":"fi","potentialAction":[{"@type":"ReadAction","target":["https:\/\/lokaalkassa.ee\/fi\/ota-yhteytta\/"]}]},{"@type":"BreadcrumbList","@id":"https:\/\/lokaalkassa.ee\/fi\/ota-yhteytta\/#breadcrumb","itemListElement":[{"@type":"ListItem","position":1,"name":"Home","item":"https:\/\/lokaalkassa.ee\/fi\/etisivy\/"},{"@type":"ListItem","position":2,"name":"Ota yhteytt\u00e4"}]},{"@type":"WebSite","@id":"https:\/\/lokaalkassa.ee\/fi\/#website","url":"https:\/\/lokaalkassa.ee\/fi\/","name":"lokaalkassa.ee","description":"Lokaal Kassa on P&auml;rnu s&uuml;dames asuv lokaal, mis pakub kvaliteetset meelelahutust &otilde;htu- ning &ouml;&ouml;tundidesse.","publisher":{"@id":"https:\/\/lokaalkassa.ee\/fi\/#organization"},"potentialAction":[{"@type":"SearchAction","target":{"@type":"EntryPoint","urlTemplate":"https:\/\/lokaalkassa.ee\/fi\/?s={search_term_string}"},"query-input":{"@type":"PropertyValueSpecification","valueRequired":true,"valueName":"search_term_string"}}],"inLanguage":"fi"},{"@type":"Organization","@id":"https:\/\/lokaalkassa.ee\/fi\/#organization","name":"Lokaal Kassa","url":"https:\/\/lokaalkassa.ee\/fi\/","logo":{"@type":"ImageObject","inLanguage":"fi","@id":"https:\/\/lokaalkassa.ee\/fi\/#\/schema\/logo\/image\/","url":"https:\/\/lokaalkassa.ee\/wp-content\/uploads\/2024\/01\/Nimetu-kujundus-12.png","contentUrl":"https:\/\/lokaalkassa.ee\/wp-content\/uploads\/2024\/01\/Nimetu-kujundus-12.png","width":1000,"height":400,"caption":"Lokaal Kassa"},"image":{"@id":"https:\/\/lokaalkassa.ee\/fi\/#\/schema\/logo\/image\/"},"sameAs":["https:\/\/www.facebook.com\/lokaalkassa"]}]}},"_links":{"self":[{"href":"https:\/\/lokaalkassa.ee\/fi\/wp-json\/wp\/v2\/pages\/1765","targetHints":{"allow":["GET"]}}],"collection":[{"href":"https:\/\/lokaalkassa.ee\/fi\/wp-json\/wp\/v2\/pages"}],"about":[{"href":"https:\/\/lokaalkassa.ee\/fi\/wp-json\/wp\/v2\/types\/page"}],"author":[{"embeddable":true,"href":"https:\/\/lokaalkassa.ee\/fi\/wp-json\/wp\/v2\/users\/2"}],"replies":[{"embeddable":true,"href":"https:\/\/lokaalkassa.ee\/fi\/wp-json\/wp\/v2\/comments?post=1765"}],"version-history":[{"count":8,"href":"https:\/\/lokaalkassa.ee\/fi\/wp-json\/wp\/v2\/pages\/1765\/revisions"}],"predecessor-version":[{"id":1954,"href":"https:\/\/lokaalkassa.ee\/fi\/wp-json\/wp\/v2\/pages\/1765\/revisions\/1954"}],"wp:attachment":[{"href":"https:\/\/lokaalkassa.ee\/fi\/wp-json\/wp\/v2\/media?parent=1765"}],"curies":[{"name":"wp","href":"https:\/\/api.w.org\/{rel}","templated":true}]}}